{"id":110,"date":"2022-02-22T20:58:21","date_gmt":"2022-02-22T20:58:21","guid":{"rendered":"http:\/\/jordizaragoza.com\/?page_id=110"},"modified":"2022-05-05T16:56:52","modified_gmt":"2022-05-05T16:56:52","slug":"curriculum","status":"publish","type":"page","link":"https:\/\/jordizaragoza.com\/ca\/curriculum\/","title":{"rendered":"Curr\u00edculum"},"content":{"rendered":"<section class=\"section  text-normal section-text-no-shadow section-inner-no-shadow section-normal section-opaque\"  >\n            <div class=\"background-media\" style=\"background-image: url(&#039;https:\/\/jordizaragoza.com\/wp-content\/uploads\/2022\/02\/header00.jpg&#039;); background-repeat:no-repeat; background-size:cover; background-attachment:fixed; background-position: 50% 70%;\" >\n                    <\/div>\n    \n    <div class=\"background-overlay grid-overlay-0 \" style=\"background-color: rgba(49,204,224,1);\"><\/div>\n\n    <div class=\"container container-vertical-bottom\">\n        <div class=\"row vertical-bottom\">\n            <div class=\"col-md-12     text-center small-screen-default\"  ><div class=\"divider-wrapper \" style=\"visibility:hidden;background-color:#ffffff\">\n    <div class=\"visible-xs\" style=\"height:30px;\"><\/div>\n    <div class=\"visible-sm\" style=\"height:40px;\"><\/div>\n    <div class=\"visible-md\" style=\"height:50px;\"><\/div>\n    <div class=\"visible-lg\" style=\"height:50px;\"><\/div>\n<\/div><h2 class=\"text-center size_header element-top-20 element-bottom-20 text-light normal default\" data-os-animation=\"none\" data-os-animation-delay=\"0s\" >\n    Curr\u00edculum<\/h2><div class=\"divider-wrapper \" style=\"visibility:hidden;background-color:#ffffff\">\n    <div class=\"visible-xs\" style=\"height:30px;\"><\/div>\n    <div class=\"visible-sm\" style=\"height:40px;\"><\/div>\n    <div class=\"visible-md\" style=\"height:50px;\"><\/div>\n    <div class=\"visible-lg\" style=\"height:50px;\"><\/div>\n<\/div><\/div>        <\/div>\n    <\/div>\n<\/section>\n<section class=\"section  text-normal section-text-no-shadow section-inner-no-shadow section-normal section-opaque\"  >\n    \n    <div class=\"background-overlay grid-overlay-0 \" style=\"background-color: rgba(0,0,0,0);\"><\/div>\n\n    <div class=\"container container-vertical-default\">\n        <div class=\"row vertical-default\">\n            <div class=\"col-md-12     text-default small-screen-default\"  ><div class=\"divider-wrapper \" style=\"visibility:hidden;background-color:#ffffff\">\n    <div class=\"visible-xs\" style=\"height:30px;\"><\/div>\n    <div class=\"visible-sm\" style=\"height:40px;\"><\/div>\n    <div class=\"visible-md\" style=\"height:50px;\"><\/div>\n    <div class=\"visible-lg\" style=\"height:50px;\"><\/div>\n<\/div><\/div>        <\/div>\n    <\/div>\n<\/section>\n<section class=\"section  text-normal section-text-no-shadow section-inner-no-shadow section-normal section-opaque\"  >\n    \n    <div class=\"background-overlay grid-overlay-0 \" style=\"background-color: rgba(0,0,0,0);\"><\/div>\n\n    <div class=\"container container-vertical-default\">\n        <div class=\"row vertical-default\">\n            <div class=\"col-md-12     text-default small-screen-default\"  ><h2 class=\"text-center  element-top-20 element-bottom-20 text-normal normal regular\" data-os-animation=\"none\" data-os-animation-delay=\"0s\" >\n    Jordi Zaragoz\u00e1 Bort<\/h2><div class=\"divider-border  divider-border-center element-top-10 element-bottom-20\" data-os-animation=\"none\" data-os-animation-delay=\"0s\" >\n    <div class=\"divider-border-inner\"  style=\"background:#31cce0; \"><\/div>\n<\/div><div class=\"row \"><div class=\"col-md-4     text-default small-screen-default\"  ><div class=\"figure element-top-20 element-bottom-20  \" data-os-animation=\"none\" data-os-animation-delay=\"0s\">\n            <span class=\"figure-image\">\n        <img loading=\"lazy\" decoding=\"async\" width=\"799\" height=\"899\" src=\"https:\/\/jordizaragoza.com\/wp-content\/uploads\/2022\/03\/JordiZaragoza04-1-scaled-e1646586328717.jpg\" class=\"attachment-full size-full\" alt=\"\" srcset=\"https:\/\/jordizaragoza.com\/wp-content\/uploads\/2022\/03\/JordiZaragoza04-1-scaled-e1646586328717.jpg 799w, https:\/\/jordizaragoza.com\/wp-content\/uploads\/2022\/03\/JordiZaragoza04-1-scaled-e1646586328717-267x300.jpg 267w, https:\/\/jordizaragoza.com\/wp-content\/uploads\/2022\/03\/JordiZaragoza04-1-scaled-e1646586328717-768x864.jpg 768w\" sizes=\"auto, (max-width: 799px) 100vw, 799px\" \/>            <\/span>\n    <\/div>\n<\/div><div class=\"col-md-8     text-default small-screen-default\"  ><ul class=\"pricing-item-list txt_c text-normal element-top-20 element-bottom-20\" data-os-animation=\"none\" data-os-animation-delay=\"0s\">\n    <li class=\"pricing-cirle pricing-item-list-content element-top-20 element-bottom-20 \" data-os-animation=\"none\" data-os-animation-delay=\"0s\">    <div class=\"pricing-item-list-content\">\n        <h3>\n            Diploma en Osteopat\u00eda (Escuela Internacional de Osteopat\u00eda, Bilbao) <span><\/span>\n        <\/h3>    <\/div>\n<\/li><li class=\"pricing-cirle  element-top-20 element-bottom-20 \" data-os-animation=\"none\" data-os-animation-delay=\"0s\">    <div class=\"pricing-item-list-content\">\n        <h3>\n            M\u00e1ster Osteopat\u00eda FBEO. (Universidad Francisco de Vitoria) <span><\/span>\n        <\/h3>    <\/div>\n<\/li><li class=\"pricing-cirle  element-top-20 element-bottom-20 \" data-os-animation=\"none\" data-os-animation-delay=\"0s\">    <div class=\"pricing-item-list-content\">\n        <h3>\n            M\u00e1ster oficial en Promoci\u00f3n de la Salud (Universidad de Gerona) <span><\/span>\n        <\/h3>    <\/div>\n<\/li><li class=\"pricing-cirle  element-top-20 element-bottom-20 \" data-os-animation=\"none\" data-os-animation-delay=\"0s\">    <div class=\"pricing-item-list-content\">\n        <h3>\n            Diplomado en Fisoterapia (CEU San Pablo, Valencia) <span><\/span>\n        <\/h3>    <\/div>\n<\/li><li class=\"pricing-cirle  element-top-20 element-bottom-20 \" data-os-animation=\"none\" data-os-animation-delay=\"0s\">    <div class=\"pricing-item-list-content\">\n        <h3>\n            Registro de Profesiones Sanitarias de Andorra n\u00fam. 003147 <span><\/span>\n        <\/h3>    <\/div>\n<\/li><li class=\"pricing-cirle  element-top-20 element-bottom-20 \" data-os-animation=\"none\" data-os-animation-delay=\"0s\">    <div class=\"pricing-item-list-content\">\n        <h3>\n            Presidente de la SEMO (Sociedad Europea de Medicina Osteop\u00e1tica) <span><\/span>\n        <\/h3>    <\/div>\n<\/li><li class=\"pricing-cirle  element-top-20 element-bottom-20 \" data-os-animation=\"none\" data-os-animation-delay=\"0s\">    <div class=\"pricing-item-list-content\">\n        <h3>\n            Miembro del Registro de Oste\u00f3patas de Espa\u00f1a (ROE n\u00fam. socio 566) <span><\/span>\n        <\/h3>    <\/div>\n<\/li><li class=\"pricing-cirle  element-top-20 element-bottom-20 \" data-os-animation=\"none\" data-os-animation-delay=\"0s\">    <div class=\"pricing-item-list-content\">\n        <h3>\n            Miembro de la Asociaci\u00f3n de Profesionales de la Osteopat\u00eda (APREO n\u00fam. socio 10113) <span><\/span>\n        <\/h3>    <\/div>\n<\/li><li class=\"pricing-cirle  element-top-20 element-bottom-20 \" data-os-animation=\"none\" data-os-animation-delay=\"0s\">    <div class=\"pricing-item-list-content\">\n        <h3>\n            Miembro del European Federaci\u00f3n &amp; Forum for Osteopathy (EFFO) <span><\/span>\n        <\/h3>    <\/div>\n<\/li><li class=\"pricing-cirle  element-top-20 element-bottom-20 \" data-os-animation=\"none\" data-os-animation-delay=\"0s\">    <div class=\"pricing-item-list-content\">\n        <h3>\n            Miembro del comit\u00e9 de expertos AENOR en la revisi\u00f3n de la Norma Europea EN 16686:2015 sobre \u201cPrestaci\u00f3n de asistencia sanitaria en osteopat\u00eda\u201d <span><\/span>\n        <\/h3>    <\/div>\n<\/li><\/ul><\/div><\/div><\/div>        <\/div>\n    <\/div>\n<\/section>\n<section class=\"section  text-normal section-text-no-shadow section-inner-no-shadow section-normal section-opaque\"  >\n    \n    <div class=\"background-overlay grid-overlay-0 \" style=\"background-color: rgba(0,0,0,0);\"><\/div>\n\n    <div class=\"container container-vertical-default\">\n        <div class=\"row vertical-default\">\n            <div class=\"col-md-12     text-default small-screen-default\"  ><div class=\"divider-wrapper \" style=\"visibility:hidden;background-color:#FFFFFF\">\n    <div class=\"visible-xs\" style=\"height:25px;\"><\/div>\n    <div class=\"visible-sm\" style=\"height:40px;\"><\/div>\n    <div class=\"visible-md\" style=\"height:50px;\"><\/div>\n    <div class=\"visible-lg\" style=\"height:50px;\"><\/div>\n<\/div><\/div>        <\/div>\n    <\/div>\n<\/section>\n<section class=\"section  text-normal section-text-no-shadow section-inner-no-shadow section-normal section-opaque\"  >\n    \n    <div class=\"background-overlay grid-overlay-20 \" style=\"background-color: rgba(49,204,224,1);\"><\/div>\n\n    <div class=\"container container-vertical-default\">\n        <div class=\"row vertical-default\">\n            <div class=\"col-md-12     text-center small-screen-default\"  ><div class=\"divider-wrapper \" style=\"visibility:hidden;background-color:#ffffff\">\n    <div class=\"visible-xs\" style=\"height:30px;\"><\/div>\n    <div class=\"visible-sm\" style=\"height:50px;\"><\/div>\n    <div class=\"visible-md\" style=\"height:50px;\"><\/div>\n    <div class=\"visible-lg\" style=\"height:50px;\"><\/div>\n<\/div><h2 class=\"text-center  element-top-20 element-bottom-20 text-light normal regular\" data-os-animation=\"none\" data-os-animation-delay=\"0s\" >\n    \u00abLa salud siempre se puede mejorar. Poder responder a los est\u00edmulos es la clave.\u00bb<\/h2><div class=\"divider-wrapper \" style=\"visibility:hidden;background-color:#ffffff\">\n    <div class=\"visible-xs\" style=\"height:30px;\"><\/div>\n    <div class=\"visible-sm\" style=\"height:50px;\"><\/div>\n    <div class=\"visible-md\" style=\"height:50px;\"><\/div>\n    <div class=\"visible-lg\" style=\"height:50px;\"><\/div>\n<\/div><\/div>        <\/div>\n    <\/div>\n<\/section>\n<section class=\"section  text-normal section-text-no-shadow section-inner-no-shadow section-normal section-opaque\"  >\n    \n    <div class=\"background-overlay grid-overlay-0 \" style=\"background-color: rgba(0,0,0,0);\"><\/div>\n\n    <div class=\"container container-vertical-default\">\n        <div class=\"row vertical-default\">\n            <div class=\"col-md-12     text-default small-screen-default\"  ><div class=\"divider-wrapper \" style=\"visibility:hidden;background-color:#ffffff\">\n    <div class=\"visible-xs\" style=\"height:30px;\"><\/div>\n    <div class=\"visible-sm\" style=\"height:50px;\"><\/div>\n    <div class=\"visible-md\" style=\"height:50px;\"><\/div>\n    <div class=\"visible-lg\" style=\"height:50px;\"><\/div>\n<\/div><h2 class=\"text-center  element-top-20 element-bottom-20 text-normal normal regular\" data-os-animation=\"none\" data-os-animation-delay=\"0s\" >\n    Aficiones<\/h2><div class=\"divider-border  divider-border-center element-top-10 element-bottom-10\" data-os-animation=\"none\" data-os-animation-delay=\"0s\" >\n    <div class=\"divider-border-inner\"  style=\"background:#31cce0; \"><\/div>\n<\/div><p class=\"lead text-center center  text-normal element-top-10 element-bottom-20\" data-os-animation=\"none\" data-os-animation-delay=\"0s\">Mis aficiones siempre giran alrededor de est\u00edmulos que me permiten evadir la mente, disfrutar de mis amigos, construir y crecer.<\/p><div class=\"row \"><div class=\"col-md-4     text-center small-screen-default\"  ><div class=\"figure element-top-20 element-bottom-0 image-effect-zoom-in centrar\" data-os-animation=\"none\" data-os-animation-delay=\"0s\">\n            <a href=\"https:\/\/jordizaragoza.com\/wp-content\/uploads\/2022\/03\/jet-7-2-scaled.jpg\" class=\"figure-image magnific\" target=\"_self\">\n        <img loading=\"lazy\" decoding=\"async\" src=\"https:\/\/jordizaragoza.com\/wp-content\/uploads\/2022\/03\/jet-7-2-scaled-400x400.jpg\" width=\"400\" height=\"400\" alt=\"\"\/>            <\/a>\n    <\/div>\n<p class=\"lead text-center center  text-normal element-top-0 element-bottom-20\" data-os-animation=\"none\" data-os-animation-delay=\"0s\">Jet ski<\/p><\/div><div class=\"col-md-4     text-center small-screen-default\"  ><div class=\"figure element-top-20 element-bottom-0 image-effect-zoom-in \" data-os-animation=\"none\" data-os-animation-delay=\"0s\">\n            <a href=\"https:\/\/jordizaragoza.com\/wp-content\/uploads\/2022\/05\/446e3a5a-b756-480e-9dc6-f42be03afc95-2.jpg\" class=\"figure-image magnific\" target=\"_self\">\n        <img loading=\"lazy\" decoding=\"async\" src=\"https:\/\/jordizaragoza.com\/wp-content\/uploads\/2022\/05\/446e3a5a-b756-480e-9dc6-f42be03afc95-2-400x400.jpg\" width=\"400\" height=\"400\" alt=\"\"\/>            <\/a>\n    <\/div>\n<p class=\"lead text-center center  text-normal element-top-0 element-bottom-20\" data-os-animation=\"none\" data-os-animation-delay=\"0s\">Moto<\/p><\/div><div class=\"col-md-4     text-center small-screen-default\"  ><div class=\"figure element-top-20 element-bottom-0 image-effect-zoom-in \" data-os-animation=\"none\" data-os-animation-delay=\"0s\">\n            <a href=\"https:\/\/jordizaragoza.com\/wp-content\/uploads\/2022\/03\/02bd6660-f076-4111-82de-5d83306bb2e7.jpg\" class=\"figure-image magnific\" target=\"_self\">\n        <img loading=\"lazy\" decoding=\"async\" src=\"https:\/\/jordizaragoza.com\/wp-content\/uploads\/2022\/03\/02bd6660-f076-4111-82de-5d83306bb2e7-400x400.jpg\" width=\"400\" height=\"400\" alt=\"\"\/>            <\/a>\n    <\/div>\n<p class=\"lead text-center center  text-normal element-top-0 element-bottom-20\" data-os-animation=\"none\" data-os-animation-delay=\"0s\">Bici<\/p><\/div><\/div><div class=\"row \"><div class=\"col-md-4     text-center small-screen-default\"  ><div class=\"figure element-top-20 element-bottom-0 image-effect-zoom-in centrar\" data-os-animation=\"none\" data-os-animation-delay=\"0s\">\n            <a href=\"https:\/\/jordizaragoza.com\/wp-content\/uploads\/2022\/03\/c133a833-83a6-424f-baf0-0d20425531c4.jpg\" class=\"figure-image magnific\" target=\"_self\">\n        <img loading=\"lazy\" decoding=\"async\" src=\"https:\/\/jordizaragoza.com\/wp-content\/uploads\/2022\/03\/c133a833-83a6-424f-baf0-0d20425531c4-400x400.jpg\" width=\"400\" height=\"400\" alt=\"\"\/>            <\/a>\n    <\/div>\n<p class=\"lead text-center center  text-normal element-top-0 element-bottom-20\" data-os-animation=\"none\" data-os-animation-delay=\"0s\">Senderismo<\/p><\/div><div class=\"col-md-4     text-center small-screen-default\"  ><div class=\"figure element-top-20 element-bottom-0 image-effect-zoom-in \" data-os-animation=\"none\" data-os-animation-delay=\"0s\">\n            <a href=\"https:\/\/jordizaragoza.com\/wp-content\/uploads\/2022\/03\/PHOTO-2021-12-18-13-00-09.jpg\" class=\"figure-image magnific\" target=\"_self\">\n        <img loading=\"lazy\" decoding=\"async\" src=\"https:\/\/jordizaragoza.com\/wp-content\/uploads\/2022\/03\/PHOTO-2021-12-18-13-00-09-400x400.jpg\" width=\"400\" height=\"400\" alt=\"\"\/>            <\/a>\n    <\/div>\n<p class=\"lead text-center center  text-normal element-top-0 element-bottom-20\" data-os-animation=\"none\" data-os-animation-delay=\"0s\">Ski \/ Snowboard<\/p><\/div><div class=\"col-md-4     text-center small-screen-default\"  ><div class=\"figure element-top-20 element-bottom-0 image-effect-zoom-in \" data-os-animation=\"none\" data-os-animation-delay=\"0s\">\n            <a href=\"https:\/\/jordizaragoza.com\/wp-content\/uploads\/2022\/03\/a05ce16a-0c65-4c48-881e-da33c29d59bb-2.jpg\" class=\"figure-image magnific\" target=\"_self\">\n        <img loading=\"lazy\" decoding=\"async\" src=\"https:\/\/jordizaragoza.com\/wp-content\/uploads\/2022\/03\/a05ce16a-0c65-4c48-881e-da33c29d59bb-2-400x400.jpg\" width=\"400\" height=\"400\" alt=\"\"\/>            <\/a>\n    <\/div>\n<p class=\"lead text-center center  text-normal element-top-0 element-bottom-10\" data-os-animation=\"none\" data-os-animation-delay=\"0s\">Montar Legos<\/p><\/div><\/div><div class=\"divider-wrapper \" style=\"visibility:hidden;background-color:#FFFFFF\">\n    <div class=\"visible-xs\" style=\"height:30px;\"><\/div>\n    <div class=\"visible-sm\" style=\"height:50px;\"><\/div>\n    <div class=\"visible-md\" style=\"height:80px;\"><\/div>\n    <div class=\"visible-lg\" style=\"height:80px;\"><\/div>\n<\/div><\/div>        <\/div>\n    <\/div>\n<\/section>\n<section class=\"section  hidden-lg hidden-md hidden-sm hidden-xs text-normal section-text-no-shadow section-inner-no-shadow section-normal section-opaque\"  >\n    \n    <div class=\"background-overlay grid-overlay-0 \" style=\"background-color: rgba(0,0,0,0);\"><\/div>\n\n    <div class=\"container container-vertical-default\">\n        <div class=\"row vertical-default\">\n            <div class=\"col-md-12     text-default small-screen-default\"  >\r\n        <style>\r\n        \t.unique-carousel-381 .owl-next, .unique-carousel-381 .owl-prev{\r\n        \t\tbackground:   !important;\r\n        \t\tcolor:  !important;\r\n        \t}\r\n\r\n        \t.unique-carousel-381.owl-theme .owl-dots .owl-dot.active span, .unique-carousel-381.owl-theme .owl-dots .owl-dot:hover span{\r\n        \t\tbackground:  !important;\r\n        \t}\r\n\r\n        \t.owl-next, .owl-prev{\r\n        \t\ttop: 40%;\r\n        \t}\r\n        <\/style>\r\n        <div class=\"wdo-carosuel-container unique-carousel-381 owl-carousel owl-theme\">\r\n        \t\t\t\t\r\n\t\t<div class=\"item\">\r\n\t\t\t<div class=\"figure element-top-20 element-bottom-20  \" data-os-animation=\"none\" data-os-animation-delay=\"0s\">\n            <a href=\"https:\/\/jordizaragoza.com\/wp-content\/uploads\/2022\/03\/moto-1.jpg\" class=\"figure-image magnific\" target=\"_self\">\n        <img loading=\"lazy\" decoding=\"async\" src=\"https:\/\/jordizaragoza.com\/wp-content\/uploads\/2022\/03\/moto-1-600x600.jpg\" width=\"600\" height=\"600\" alt=\"\"\/>            <\/a>\n    <\/div>\n<div class=\"figure element-top-20 element-bottom-20  \" data-os-animation=\"none\" data-os-animation-delay=\"0s\">\n            <a href=\"https:\/\/jordizaragoza.com\/wp-content\/uploads\/2022\/03\/jet-7-2-1-scaled.jpg\" class=\"figure-image magnific\" target=\"_self\">\n        <img loading=\"lazy\" decoding=\"async\" src=\"https:\/\/jordizaragoza.com\/wp-content\/uploads\/2022\/03\/jet-7-2-1-scaled-600x600.jpg\" width=\"600\" height=\"600\" alt=\"\"\/>            <\/a>\n    <\/div>\n<div class=\"figure element-top-20 element-bottom-20  \" data-os-animation=\"none\" data-os-animation-delay=\"0s\">\n            <a href=\"https:\/\/jordizaragoza.com\/wp-content\/uploads\/2022\/03\/jet-1-3.jpg\" class=\"figure-image magnific\" target=\"_self\">\n        <img loading=\"lazy\" decoding=\"async\" src=\"https:\/\/jordizaragoza.com\/wp-content\/uploads\/2022\/03\/jet-1-3-600x600.jpg\" width=\"600\" height=\"600\" alt=\"\"\/>            <\/a>\n    <\/div>\n<div class=\"figure element-top-20 element-bottom-20  \" data-os-animation=\"none\" data-os-animation-delay=\"0s\">\n            <a href=\"https:\/\/jordizaragoza.com\/wp-content\/uploads\/2022\/03\/2013-11-03-20.43.12-1.jpg\" class=\"figure-image magnific\" target=\"_self\">\n        <img loading=\"lazy\" decoding=\"async\" src=\"https:\/\/jordizaragoza.com\/wp-content\/uploads\/2022\/03\/2013-11-03-20.43.12-1-600x600.jpg\" width=\"600\" height=\"600\" alt=\"\"\/>            <\/a>\n    <\/div>\n<div class=\"figure element-top-20 element-bottom-20  \" data-os-animation=\"none\" data-os-animation-delay=\"0s\">\n            <a href=\"https:\/\/jordizaragoza.com\/wp-content\/uploads\/2022\/03\/446e3a5a-b756-480e-9dc6-f42be03afc95-2.jpg\" class=\"figure-image magnific\" target=\"_self\">\n        <img loading=\"lazy\" decoding=\"async\" src=\"https:\/\/jordizaragoza.com\/wp-content\/uploads\/2022\/03\/446e3a5a-b756-480e-9dc6-f42be03afc95-2-600x600.jpg\" width=\"600\" height=\"600\" alt=\"\"\/>            <\/a>\n    <\/div>\n\t\t<\/div>\r\n\r\n\t\t        <\/div>\r\n        <script type=\"text\/javascript\">\r\n        \tjQuery(document).ready(function ($) {\r\n        \t\t$('.unique-carousel-381').owlCarousel({\r\n        \t\t    margin:10,\r\n        \t\t    touchDrag:true,\r\n        \t\t    mouseDrag:true,\r\n        \t\t    animateIn: \"no-animation\",\r\n        \t\t    animateOut: \"no-animation\",\r\n        \t\t    video:true,\r\n        \t\t    videoWidth:true,\r\n        \t\t    videoHeight:300,\r\n        \t\t    loop:true,\r\n        \t\t    slideBy:1,\r\n        \t\t    autoplay:true, \r\n        \t\t    nav:true,\r\n        \t\t    dots:true,\r\n        \t\t    navText:[\"<div class='nav-btn prev-slide'><\/div>\",\"<div class='nav-btn next-slide'><\/div>\"],\r\n        \t\t    responsive:{\r\n        \t\t        0:{\r\n        \t\t            items:2        \t\t        },\r\n        \t\t        600:{\r\n        \t\t            items:3        \t\t        },\r\n        \t\t        1000:{\r\n        \t\t            items:5        \t\t        }\r\n        \t\t    }\r\n        \t\t});\r\n        \t});\r\n        <\/script>\r\n\r\n        <\/div>        <\/div>\n    <\/div>\n<\/section>\n","protected":false},"excerpt":{"rendered":"Curr\u00edculum Jordi Zaragoz\u00e1 Bort Diploma en Osteopat\u00eda (Escuela Internacional de Osteopat\u00eda, Bilbao) M\u00e1ster Osteopat\u00eda FBEO. (Universidad Francisco de Vitoria) M\u00e1ster oficial en Promoci\u00f3n de la Salud (Universidad de Gerona) Diplomado en Fisoterapia (CEU San Pablo, Valencia) Registro de Profesiones Sanitarias de Andorra n\u00fam. 003147 Presidente de la SEMO (Sociedad Europea de Medicina Osteop\u00e1tica) Miembro del","protected":false},"author":1,"featured_media":0,"parent":0,"menu_order":0,"comment_status":"closed","ping_status":"closed","template":"","meta":{"footnotes":""},"class_list":["post-110","page","type-page","status-publish","hentry"],"_links":{"self":[{"href":"https:\/\/jordizaragoza.com\/ca\/wp-json\/wp\/v2\/pages\/110","targetHints":{"allow":["GET"]}}],"collection":[{"href":"https:\/\/jordizaragoza.com\/ca\/wp-json\/wp\/v2\/pages"}],"about":[{"href":"https:\/\/jordizaragoza.com\/ca\/wp-json\/wp\/v2\/types\/page"}],"author":[{"embeddable":true,"href":"https:\/\/jordizaragoza.com\/ca\/wp-json\/wp\/v2\/users\/1"}],"replies":[{"embeddable":true,"href":"https:\/\/jordizaragoza.com\/ca\/wp-json\/wp\/v2\/comments?post=110"}],"version-history":[{"count":93,"href":"https:\/\/jordizaragoza.com\/ca\/wp-json\/wp\/v2\/pages\/110\/revisions"}],"predecessor-version":[{"id":878,"href":"https:\/\/jordizaragoza.com\/ca\/wp-json\/wp\/v2\/pages\/110\/revisions\/878"}],"wp:attachment":[{"href":"https:\/\/jordizaragoza.com\/ca\/wp-json\/wp\/v2\/media?parent=110"}],"curies":[{"name":"wp","href":"https:\/\/api.w.org\/{rel}","templated":true}]}}