{"id":158,"date":"2022-02-28T14:50:02","date_gmt":"2022-02-28T14:50:02","guid":{"rendered":"http:\/\/jordizaragoza.com\/?page_id=158"},"modified":"2022-04-04T16:35:12","modified_gmt":"2022-04-04T16:35:12","slug":"osteopatia_definicion","status":"publish","type":"page","link":"https:\/\/jordizaragoza.com\/ca\/osteopatia_definicion\/","title":{"rendered":"Osteopat\u00eda_definici\u00f3n"},"content":{"rendered":"<section class=\"section  text-normal section-text-no-shadow section-inner-no-shadow section-normal section-opaque\"  >\n    \n    <div class=\"background-overlay grid-overlay-0\" style=\"background-color: rgba(49,204,224,1);\"><\/div>\n\n    <div class=\"container container-vertical-bottom\">\n        <div class=\"row vertical-bottom\">\n            <div class=\"col-md-12     text-center small-screen-default\"  ><div class=\"divider-wrapper\" style=\"visibility:hidden;background-color:#ffffff\">\n    <div class=\"visible-xs\" style=\"height:30px;\"><\/div>\n    <div class=\"visible-sm\" style=\"height:40px;\"><\/div>\n    <div class=\"visible-md\" style=\"height:50px;\"><\/div>\n    <div class=\"visible-lg\" style=\"height:50px;\"><\/div>\n<\/div><h2 class=\"text-center size_header element-top-20 element-bottom-20 text-light normal default\" data-os-animation=\"none\" data-os-animation-delay=\"0s\" >\n    Osteopatia<\/h2><div class=\"divider-wrapper\" style=\"visibility:hidden;background-color:#ffffff\">\n    <div class=\"visible-xs\" style=\"height:30px;\"><\/div>\n    <div class=\"visible-sm\" style=\"height:40px;\"><\/div>\n    <div class=\"visible-md\" style=\"height:50px;\"><\/div>\n    <div class=\"visible-lg\" style=\"height:50px;\"><\/div>\n<\/div><\/div>        <\/div>\n    <\/div>\n<\/section>\n<section class=\"section  text-normal section-text-no-shadow section-inner-no-shadow section-normal section-opaque\"  >\n    \n    <div class=\"background-overlay grid-overlay-0\" style=\"background-color: rgba(0,0,0,0);\"><\/div>\n\n    <div class=\"container container-vertical-default\">\n        <div class=\"row vertical-default\">\n            <div class=\"col-md-12     text-default small-screen-default\"  ><div class=\"divider-wrapper\" style=\"visibility:hidden;background-color:#ffffff\">\n    <div class=\"visible-xs\" style=\"height:30px;\"><\/div>\n    <div class=\"visible-sm\" style=\"height:50px;\"><\/div>\n    <div class=\"visible-md\" style=\"height:50px;\"><\/div>\n    <div class=\"visible-lg\" style=\"height:50px;\"><\/div>\n<\/div><h2 class=\"text-center  element-top-20 element-bottom-20 text-normal normal regular\" data-os-animation=\"none\" data-os-animation-delay=\"0s\" >\n    Qu\u00e8 \u00e9s?<\/h2><div class=\"divider-border  divider-border-center element-top-10 element-bottom-20\" data-os-animation=\"none\" data-os-animation-delay=\"0s\" >\n    <div class=\"divider-border-inner\"  style=\"background:#31cce0; \"><\/div>\n<\/div><div class=\"col-text-1 text-normal  element-top-20 element-bottom-20\" data-os-animation=\"none\" data-os-animation-delay=\"0s\">\n    <p><span style=\"font-weight: 400;\">L\u2019osteopatia \u00e9s un sistema d'atenci\u00f3 de la salut centrat en el pacient. La filosofia \u00e9s tractar a tota la persona, no nom\u00e9s als s\u00edmptomes. En el nostre tractament ens basem en les interrelacions d'estructura i funci\u00f3, aix\u00ed com en la capacitat del cos per a curar-se a si mateix.<\/span><\/p>\n<p><span style=\"font-weight: 400;\">El paper de l'oste\u00f2pata \u00e9s facilitar aquest proc\u00e9s, per a secundar tots els aspectes de la salut i el desenvolupament saludable mitjan\u00e7ant la pr\u00e0ctica del tractament manual.\u00a0<\/span><\/p>\n<p><span style=\"font-weight: 400;\">El nostre tractament es basa en un sistema de diagn\u00f2stic i tractament per a afrontar les disfuncions de la mobilitat \/ motilitat tissular en general, utilitzant diferents enfocaments per a millorar la funci\u00f3 fisiol\u00f2gica i\/o donar suport a l'home\u00f2stasi que ha estat alterada per disfunci\u00f3 som\u00e0tica. La disfunci\u00f3 som\u00e0tica es defineix com a \u00abfunci\u00f3 alterada del sistema som\u00e0tic\u201d, \u00e9s a dir, de les estructures esquel\u00e8tiques, articulars, musculars i fascials, i els seus elements vasculars, limf\u00e0tics i neurals relacionats\u201d.<\/span><\/p>\n<p><span style=\"font-weight: 400;\">L\u2019osteopatia emfatitza la import\u00e0ncia del pensament l\u00f2gic en la medicina, del principi de fonament fisiopatol\u00f2gic, de les hip\u00f2tesis diagn\u00f2stiques i de l'acurada selecci\u00f3 del tractament complint amb les regles de la deontologia i l'\u00e8tica.\u00a0<\/span><\/p>\n<\/div>\n<div class=\"divider-wrapper\" style=\"visibility:hidden;background-color:#ffffff\">\n    <div class=\"visible-xs\" style=\"height:30px;\"><\/div>\n    <div class=\"visible-sm\" style=\"height:50px;\"><\/div>\n    <div class=\"visible-md\" style=\"height:50px;\"><\/div>\n    <div class=\"visible-lg\" style=\"height:50px;\"><\/div>\n<\/div><\/div>        <\/div>\n    <\/div>\n<\/section>\n<section class=\"section  text-normal section-text-no-shadow section-inner-no-shadow section-normal section-opaque\"  >\n    \n    <div class=\"background-overlay grid-overlay-0\" style=\"background-color: rgba(245,245,243,1);\"><\/div>\n\n    <div class=\"container container-vertical-default\">\n        <div class=\"row vertical-default\">\n            <div class=\"col-md-12     text-default small-screen-default\"  ><div class=\"divider-wrapper\" style=\"visibility:hidden;background-color:#ffffff\">\n    <div class=\"visible-xs\" style=\"height:15px;\"><\/div>\n    <div class=\"visible-sm\" style=\"height:30px;\"><\/div>\n    <div class=\"visible-md\" style=\"height:30px;\"><\/div>\n    <div class=\"visible-lg\" style=\"height:30px;\"><\/div>\n<\/div><h2 class=\"text-center  element-top-20 element-bottom-20 text-normal normal regular\" data-os-animation=\"none\" data-os-animation-delay=\"0s\" >\n    La filosofia i els principis de l\u2019osteopatia<\/h2><div class=\"divider-border  divider-border-center element-top-10 element-bottom-20\" data-os-animation=\"none\" data-os-animation-delay=\"0s\" >\n    <div class=\"divider-border-inner\"  style=\"background:#31cce0; \"><\/div>\n<\/div><div class=\"row\"><div class=\"col-md-6     text-center small-screen-default\"  ><div class=\"figure element-top-20 element-bottom-20\" data-os-animation=\"none\" data-os-animation-delay=\"0s\">\n            <span class=\"figure-image\">\n        <img loading=\"lazy\" decoding=\"async\" width=\"218\" height=\"300\" src=\"https:\/\/jordizaragoza.com\/wp-content\/uploads\/2022\/02\/h_run-218x300.png\" class=\"attachment-medium size-medium\" alt=\"\" srcset=\"https:\/\/jordizaragoza.com\/wp-content\/uploads\/2022\/02\/h_run-218x300.png 218w, https:\/\/jordizaragoza.com\/wp-content\/uploads\/2022\/02\/h_run.png 363w\" sizes=\"auto, (max-width: 218px) 100vw, 218px\" \/>            <\/span>\n    <\/div>\n<\/div><div class=\"col-md-6     text-default small-screen-default\"  ><ul class=\"features-list  text-normal element-top-20 element-bottom-20\" data-os-animation=\"none\" data-os-animation-delay=\"0s\">\n    <li class=\"element-top-20 element-bottom-20\"  data-os-animation=\"none\" data-os-animation-delay=\"0s\">\n            <div class=\"features-list-icon box-animate\" data-animation=\" \" style=\"background-color:#ffffff;\">\n            <i class=\"fa fa-check\" style=\"color:#31cce0;\"><\/i>\n        <\/div>\n        <h3>\n        L\u2019\u00e9sser hum\u00e0 \u00e9s una unitat din\u00e0mica de funci\u00f3, l\u2019estat de salut del qual est\u00e0 influenciat pel cos, la ment i l\u2019esperit.    <\/h3>\n    <p>\n            <\/p>\n<\/li><li class=\"element-top-20 element-bottom-20\"  data-os-animation=\"none\" data-os-animation-delay=\"0s\">\n            <div class=\"features-list-icon box-animate\" data-animation=\" \" style=\"background-color:#ffffff;\">\n            <i class=\"fa fa-check\" style=\"color:#31cce0;\"><\/i>\n        <\/div>\n        <h3>\n        El cos disposa de mecanismes d\u2019autoregulaci\u00f3 i \u00e9s naturalment autocuratiu.    <\/h3>\n    <p>\n            <\/p>\n<\/li><li class=\"element-top-20 element-bottom-20\"  data-os-animation=\"none\" data-os-animation-delay=\"0s\">\n            <div class=\"features-list-icon box-animate\" data-animation=\" \" style=\"background-color:#ffffff;\">\n            <i class=\"fa fa-check\" style=\"color:#31cce0;\"><\/i>\n        <\/div>\n        <h3>\n        L\u2019estructura i la funci\u00f3 estan relacionades a tots els nivells.    <\/h3>\n    <p>\n            <\/p>\n<\/li><\/ul><\/div><\/div><div class=\"divider-wrapper\" style=\"visibility:hidden;background-color:#ffffff\">\n    <div class=\"visible-xs\" style=\"height:15px;\"><\/div>\n    <div class=\"visible-sm\" style=\"height:30px;\"><\/div>\n    <div class=\"visible-md\" style=\"height:30px;\"><\/div>\n    <div class=\"visible-lg\" style=\"height:30px;\"><\/div>\n<\/div><\/div>        <\/div>\n    <\/div>\n<\/section>\n<section class=\"section  text-normal section-text-no-shadow section-inner-no-shadow section-normal section-opaque\"  >\n    \n    <div class=\"background-overlay grid-overlay-0\" style=\"background-color: rgba(0,0,0,0);\"><\/div>\n\n    <div class=\"container container-vertical-default\">\n        <div class=\"row vertical-default\">\n            <div class=\"col-md-12     text-default small-screen-default\"  ><div class=\"divider-wrapper\" style=\"visibility:hidden;background-color:#ffffff\">\n    <div class=\"visible-xs\" style=\"height:30px;\"><\/div>\n    <div class=\"visible-sm\" style=\"height:60px;\"><\/div>\n    <div class=\"visible-md\" style=\"height:60px;\"><\/div>\n    <div class=\"visible-lg\" style=\"height:60px;\"><\/div>\n<\/div><div class=\"col-text-1 text-normal  element-top-20 element-bottom-20\" data-os-animation=\"none\" data-os-animation-delay=\"0s\">\n    <p><span style=\"font-weight: 400;\">L\u2019osteopatia s'autodefineix com una professi\u00f3 de la salut, i ent\u00e9n la salut com la capacitat de resposta, aix\u00f2 \u00e9s aplicable a una c\u00e8l\u00b7lula, un teixit, un \u00f2rgan o sistema, un individu o fins i tot a una comunitat.\u00a0<\/span><\/p>\n<p><span style=\"font-weight: 400;\">La salut \u00e9s individual i personal. Cada element sobre el qual es pret\u00e9n actuar per a millorar la capacitat de resposta davant els est\u00edmuls (f\u00edsics, t\u00e8rmics, bioqu\u00edmics, emocionals, etc.) als quals s\u00f3n sotmesos requereixen una acurada an\u00e0lisi dels factors que s\u00f3n susceptibles de millora per a optimitzar la resposta. Cada persona t\u00e9 un nivell d'exig\u00e8ncia en el seu dia a dia que determina la seva salut, i la seva capacitat de resposta sempre presenta un marge de millora.\u00a0<\/span><\/p>\n<\/div>\n<div class=\"divider-wrapper\" style=\"visibility:hidden;background-color:#ffffff\">\n    <div class=\"visible-xs\" style=\"height:30px;\"><\/div>\n    <div class=\"visible-sm\" style=\"height:60px;\"><\/div>\n    <div class=\"visible-md\" style=\"height:60px;\"><\/div>\n    <div class=\"visible-lg\" style=\"height:60px;\"><\/div>\n<\/div><\/div>        <\/div>\n    <\/div>\n<\/section>","protected":false},"excerpt":{"rendered":"La Osteopat\u00eda \u00bfQu\u00e9 es? La osteopat\u00eda es un sistema de atenci\u00f3n de la salud centrado en el paciente. La filosof\u00eda es tratar a toda la persona, no solo los s\u00edntomas. En nuestro tratamiento nos basamos en las interrelaciones de estructura y funci\u00f3n, as\u00ed como en la capacidad del cuerpo para curarse a s\u00ed mismo. El","protected":false},"author":1,"featured_media":0,"parent":0,"menu_order":0,"comment_status":"closed","ping_status":"closed","template":"","meta":{"footnotes":""},"class_list":["post-158","page","type-page","status-publish","hentry"],"_links":{"self":[{"href":"https:\/\/jordizaragoza.com\/ca\/wp-json\/wp\/v2\/pages\/158","targetHints":{"allow":["GET"]}}],"collection":[{"href":"https:\/\/jordizaragoza.com\/ca\/wp-json\/wp\/v2\/pages"}],"about":[{"href":"https:\/\/jordizaragoza.com\/ca\/wp-json\/wp\/v2\/types\/page"}],"author":[{"embeddable":true,"href":"https:\/\/jordizaragoza.com\/ca\/wp-json\/wp\/v2\/users\/1"}],"replies":[{"embeddable":true,"href":"https:\/\/jordizaragoza.com\/ca\/wp-json\/wp\/v2\/comments?post=158"}],"version-history":[{"count":29,"href":"https:\/\/jordizaragoza.com\/ca\/wp-json\/wp\/v2\/pages\/158\/revisions"}],"predecessor-version":[{"id":848,"href":"https:\/\/jordizaragoza.com\/ca\/wp-json\/wp\/v2\/pages\/158\/revisions\/848"}],"wp:attachment":[{"href":"https:\/\/jordizaragoza.com\/ca\/wp-json\/wp\/v2\/media?parent=158"}],"curies":[{"name":"wp","href":"https:\/\/api.w.org\/{rel}","templated":true}]}}