{"id":161,"date":"2022-03-02T14:02:04","date_gmt":"2022-03-02T14:02:04","guid":{"rendered":"http:\/\/jordizaragoza.com\/?page_id=161"},"modified":"2022-04-11T10:27:59","modified_gmt":"2022-04-11T10:27:59","slug":"historia-de-la-osteopatia","status":"publish","type":"page","link":"https:\/\/jordizaragoza.com\/ca\/historia-de-la-osteopatia\/","title":{"rendered":"Historia de la Osteopat\u00eda"},"content":{"rendered":"<section class=\"section  text-normal section-text-no-shadow section-inner-no-shadow section-normal section-opaque\"  >\n    \n    <div class=\"background-overlay grid-overlay-0\" style=\"background-color: rgba(49,204,224,1);\"><\/div>\n\n    <div class=\"container container-vertical-bottom\">\n        <div class=\"row vertical-bottom\">\n            <div class=\"col-md-12     text-center small-screen-default\"  ><div class=\"divider-wrapper\" style=\"visibility:hidden;background-color:#ffffff\">\n    <div class=\"visible-xs\" style=\"height:30px;\"><\/div>\n    <div class=\"visible-sm\" style=\"height:40px;\"><\/div>\n    <div class=\"visible-md\" style=\"height:50px;\"><\/div>\n    <div class=\"visible-lg\" style=\"height:50px;\"><\/div>\n<\/div><h2 class=\"text-center size_header element-top-20 element-bottom-20 text-light normal default\" data-os-animation=\"none\" data-os-animation-delay=\"0s\" >\n    Osteopatia<\/h2><div class=\"divider-wrapper\" style=\"visibility:hidden;background-color:#ffffff\">\n    <div class=\"visible-xs\" style=\"height:30px;\"><\/div>\n    <div class=\"visible-sm\" style=\"height:40px;\"><\/div>\n    <div class=\"visible-md\" style=\"height:50px;\"><\/div>\n    <div class=\"visible-lg\" style=\"height:50px;\"><\/div>\n<\/div><\/div>        <\/div>\n    <\/div>\n<\/section>\n<section class=\"section  text-normal section-text-no-shadow section-inner-no-shadow section-normal section-opaque\"  >\n    \n    <div class=\"background-overlay grid-overlay-0\" style=\"background-color: rgba(0,0,0,0);\"><\/div>\n\n    <div class=\"container container-vertical-default\">\n        <div class=\"row vertical-default\">\n            <div class=\"col-md-12     text-default small-screen-default\"  ><div class=\"divider-wrapper\" style=\"visibility:hidden;background-color:#ffffff\">\n    <div class=\"visible-xs\" style=\"height:30px;\"><\/div>\n    <div class=\"visible-sm\" style=\"height:50px;\"><\/div>\n    <div class=\"visible-md\" style=\"height:50px;\"><\/div>\n    <div class=\"visible-lg\" style=\"height:50px;\"><\/div>\n<\/div><h2 class=\"text-center  element-top-20 element-bottom-20 text-normal normal regular\" data-os-animation=\"none\" data-os-animation-delay=\"0s\" >\n    Hist\u00f2ria<\/h2><div class=\"divider-border  divider-border-center element-top-10 element-bottom-20\" data-os-animation=\"none\" data-os-animation-delay=\"0s\" >\n    <div class=\"divider-border-inner\"  style=\"background:#31cce0; \"><\/div>\n<\/div><div class=\"row\"><div class=\"col-md-12     text-center small-screen-default\"  ><div class=\"col-text-1 text-normal align-justify element-top-10 element-bottom-20\" data-os-animation=\"none\" data-os-animation-delay=\"0s\">\n    <p><span style=\"font-weight: 400;\">El precursor de l\u2019osteopatia va ser l'americ\u00e0 Andrew Taylor Still. Nascut l\u2019any 1828 a Virg\u00ednia, fill d'Abraham Still, un pastor metodista, que exercia de metge i granger. L\u2019any 1840, la fam\u00edlia Still es va traslladar a Kansas i durant la guerra de Secessi\u00f3 es van situar del costat abolicionista. Des de nen va destacar pel seu esperit curi\u00f3s, alhora mecanicista i racionalista que el va portar a interessar-se per l'enginyeria. Finalment, A.T. Still va seguir els passos del seu pare i va estudiar medicina, i molt r\u00e0pidament va haver de fer front als l\u00edmits que aquesta ci\u00e8ncia tenia a la fi del segle XIX.<\/span><\/p>\n<\/div>\n<\/div><\/div><div class=\"col-text-1 text-normal  element-top-20 element-bottom-20\" data-os-animation=\"none\" data-os-animation-delay=\"0s\">\n    <p><span style=\"font-weight: 400;\">L\u2019any 1864, un cop acabada la guerra de Secessi\u00f3, una epid\u00e8mia de meningitis va matar a tres dels seus fills, fet que el va portar a q\u00fcestionar-se les certeses de la medicina del seu temps. En aquell moment, la medicina estava basava en l'\u00fas f\u00e0rmacs de dubtosa efic\u00e0cia, com l'opi o el mercuri, remeis que sempre va considerar t\u00f2xics i nocius per a l'organisme.<\/span><span style=\"font-weight: 400;\"><br \/>\n<\/span><\/p>\n<p><span style=\"font-weight: 400;\">Des del seu pensament religi\u00f3s i racionalista, va considerar l'anatomia, fisiologia i patologia sota una mirada diferent. Va intentar buscar una nova medicina m\u00e9s concorde a les lleis de la naturalesa.<\/span><\/p>\n<p><span style=\"font-weight: 400;\">A partir del 1874, Still comen\u00e7a a exercir una nova medicina basada en l'enfocament manual que va denominar osteopatia. El principi fonamental el va resumir en una frase\u201d L'estructura governa la funci\u00f3\u201d. El seu plantejament inicial, es basava a afavorir la correcci\u00f3 de l'estructura \u00f2ssia, per a aconseguir una millora posterior de la funci\u00f3 org\u00e0nica. Segons les seves pr\u00f2pies paraules: \u201cL'anatomia \u00e9s el primer, l'\u00faltim, i est\u00e0 sempre present\u201d.<\/span><\/p>\n<p><span style=\"font-weight: 400;\"><br \/>\n<\/span><span style=\"font-weight: 400;\">L\u2019any 1875 es va traslladar a Kirksville, Missouri on va passar la resta dels seus dies. Les noves t\u00e8cniques que ell mateix va desenvolupar, li van comportar un gran \u00e8xit, i van atreure un gran nombre de pacients. Still va passar a ser un personatge molt conegut en la seva \u00e8poca. Davant el r\u00e0pid increment de pacients i la creixent demanda de tractaments, va decidir finalment transmetre els seus ensenyaments per a donar cobertura assistencial a un major nombre de malalts. En aquest proc\u00e9s el va ajudar el Dr. W. Smith, un especialista en cirurgia que havia sentit parlar dels resultats de Still i va voler con\u00e8ixer personalment les seves t\u00e8cniques de tractament.<\/span><\/p>\n<\/div>\n<div class=\"col-text-1 text-normal  element-top-20 element-bottom-20\" data-os-animation=\"none\" data-os-animation-delay=\"0s\">\n    <p><span style=\"font-weight: 400;\">El 1892 van crear la primera escola d\u2019osteopatia a Kirksville, la American School of Osteopathy (en l'actualitat Kirksville College of Osteopathic Medicine), i entre els anys 1892 i 1900 el moviment osteop\u00e0tic aconsegueix una import\u00e0ncia considerable. A la fi del segle XIX, A.T.Still es retira de l'ensenyament publicant quatre llibres.<\/span><\/p>\n<p><span style=\"font-weight: 400;\"><br \/>\n<\/span><span style=\"font-weight: 400;\">Entre els seus primers alumnes, va destacar John Martin Littlejohn, un brillant escoc\u00e8s posse\u00efdor de quatre doctorats que pel seu treball com a periodista, s'havia dirigit a Kirksville per a entrevistar a Still, at\u00e8s que la fama del \u201cvell doctor\u201d havia comen\u00e7at a estendre's per diversos Estats. Littlejohn, a m\u00e9s de periodista era metge especialista en fisiologia. Molt r\u00e0pidament es va convertir en la m\u00e0 dreta de A.T. Still i curiosament, va anar al mateix temps estudiant i professor a l'escola de Kirksville, de la que finalment va acabar sent nomenat deg\u00e0.<\/span><\/p>\n<p><span style=\"font-weight: 400;\"><br \/>\n<\/span><span style=\"font-weight: 400;\">Littlejohn va afegir al programa acad\u00e8mic ci\u00e8ncies fonamentals com la Qu\u00edmica, i va destacar la import\u00e0ncia de l'estudi de la Fisiologia per a la salut. Segons Littlejohn: \u201cLa Fisiologia \u00e9s la porta d'entrada a l'immens m\u00f3n de l\u2019osteopatia\u201d.<\/span><\/p>\n<\/div>\n<div class=\"col-text-1 text-normal  element-top-20 element-bottom-20\" data-os-animation=\"none\" data-os-animation-delay=\"0s\">\n    <p><span style=\"font-weight: 400;\">La defensa d'aquestes ci\u00e8ncies fonamentals el va portar a tenir freq\u00fcents discussions amb Still, perqu\u00e8 per a aquest \u00faltim el que realment importava era \u201cl\u2019estructura\u201d mentre que Littlejohn sempre va insistir en la import\u00e0ncia de \u201cla funci\u00f3\u201d com a element principal. A conseq\u00fc\u00e8ncia de les seves diferents visions de la medicina, Littlejohn va decidir traslladar-se finalment a Chicago, on va fundar The Chicago College of Osteopathic Medicine, que va arribar a ser una de les escoles m\u00e9s  importants dels EUA.<\/span><\/p>\n<p><span style=\"font-weight: 400;\"><br \/>\n<\/span><span style=\"font-weight: 400;\">A Littlejohn devem el desenvolupament d'una osteopatia m\u00e9s maximalista i global i especialment, l'aparici\u00f3 de t\u00e8cniques com el T.G.O. (Tractament General Osteop\u00e0tic posteriorment desenvolupat per J. Wernham), el qual est\u00e0 basat en els seus propis estudis sobre la biomec\u00e0nica humana i en concret, en l'acci\u00f3 que la for\u00e7a gravitat\u00f2ria t\u00e9 sobre la postura de l'individu.<\/span><\/p>\n<p><span style=\"font-weight: 400;\"><br \/>\n<\/span><span style=\"font-weight: 400;\">L\u2019any 1917, Littlejohn va deixar Chicago i va tornar a Europa. Es va instal\u00b7lar a Londres, on va fundar la British School of Osteopathy. Aquesta escola passar\u00e0 a ser la primera instituci\u00f3 osteop\u00e0tica europea que continua vigent en l'actualitat.<\/span><span style=\"font-weight: 400;\"><br \/>\n<\/span><span style=\"font-weight: 400;\">El 12 de Desembre de 1917, Still, sobrenomenat \u201d el vell doctor \u201c, va morir a conseq\u00fc\u00e8ncia d'un accident basculo-cerebral. Tenia 89 anys.<\/span><\/p>\n<p><span style=\"font-weight: 400;\">Des de l'inici del segle XX fins a la meitat d'aquest, es va produir una tend\u00e8ncia cap a l'objectivitat i el racionalisme en el camp de l\u2019osteopatia; a aix\u00f2 van contribuir sens dubte el mateix Littlejohn i l'aparici\u00f3 de la figura d'Harrison Fryette amb els seus estudis sobre la mec\u00e0nica vertebral. Es realitzaven llavors tractaments amb un enfocament maximalista, deixant-se una mica de banda uns dels principis de Still: \u201cTroba-ho, arregla-ho i deixa que segueixi el seu cam\u00ed\u2026\u201d. D'aquesta manera, la major part dels tractaments d\u2019aquella \u00e8poca es van basar en t\u00e8cniques de manipulaci\u00f3 directa o de thrust.<\/span><\/p>\n<p><span style=\"font-weight: 400;\"><br \/>\n<\/span><span style=\"font-weight: 400;\">En el per\u00edode entre 1950 i 1975 aproximadament es produeixen grans canvis en la visi\u00f3 que fins llavors es tenia de l\u2019osteopatia, conseq\u00fc\u00e8ncia del desenvolupament de nous enfocaments i de l'aparici\u00f3 dels tractaments cranials i funcionals. A aix\u00f2 van contribuir sens dubte figures com a W.G.Sutherland amb la seva revolucion\u00e0ria visi\u00f3 de l'aplicaci\u00f3 de l\u2019osteopatia en el camp cranial; C.H. Bowles i H.V. Hoover amb la seva evoluci\u00f3 cap a les t\u00e8cniques funcionals; T.J. Ruddy i F. Mitchell amb les seves T\u00e8cniques d'Energia Muscular; L.H. Jones que va dissenyar les t\u00e8cniques de Tensi\u00f3-Contratensi\u00f3, o Jean Pierre Barral que va centrar la seva atenci\u00f3 en el desenvolupament de les manipulacions viscerals.<\/span><\/p>\n<\/div>\n<div class=\"col-text-1 text-normal  element-top-20 element-bottom-20\" data-os-animation=\"none\" data-os-animation-delay=\"0s\">\n    <p><span style=\"font-weight: 400;\">L\u2019any 1960 es va fundar la European School of Osteopathy (ESO), a partir de la uni\u00f3 d'un grup de reconeguts professionals entre els quals estaven J. Wernham, T. Dummer, T. Hall i P. Blagrave i que va servir de base per al desenvolupament de noves escoles de tota Europa.<\/span><\/p>\n<p><span style=\"font-weight: 400;\"><br \/>\n<\/span><span style=\"font-weight: 400;\">En l'actualitat, hi ha una tend\u00e8ncia de retorn cap a l'origen hol\u00edstic de l\u2019osteopatia (aparentment d'acord amb la concepci\u00f3 inicial per part de Still), fent-se igual \u00e8mfasi en els aspectes estructurals i funcionals tant des del punt de vista del diagn\u00f2stic com de la t\u00e8cnica.<\/span><\/p>\n<p><span style=\"font-weight: 400;\"><br \/>\n<\/span><span style=\"font-weight: 400;\">D'aquesta manera, cada tipus d'aproximaci\u00f3 al tractament, s'ha desenvolupat en la cerca d'elements m\u00e9s subtils i precisos per a tractar lesions concretes; el que implica, que avui dia, l'oste\u00f2pata disposi d'una gran quantitat de t\u00e8cniques per a, mitjan\u00e7ant aquestes, poder adaptar-se millor a cada pacient en particular.<\/span><\/p>\n<p><span style=\"font-weight: 400;\"><br \/>\n<\/span><span style=\"font-weight: 400;\">L\u2019any 1950, Paul G\u00e9ny va fundar l'Escola Francesa d\u2019Osteopatia, i des de llavors s\u2019han obert escoles per tota Europa.\n\nMalgrat tots aquests esfor\u00e7os per avan\u00e7ar en la consolidaci\u00f3 de l\u2019osteopatia, la professi\u00f3 d'oste\u00f2pata no va obtenir un reconeixement i una regulaci\u00f3 legal fins ben entrat el segle XX.<\/span><\/p>\n<p><span style=\"font-weight: 400;\">El 1992 es creen els Estatuts del Registre Europeu dels Oste\u00f2pates, avui dia, Federaci\u00f3 Europea d'Oste\u00f2pates (EFO).\n\nEl 1993, al Regne Unit, es reconeix a l\u2019osteopatia com a professi\u00f3 independent i espec\u00edfica. Per\u00f2 no ser\u00e0 fins a l'any 2000 quan hi hagi una plena legalitzaci\u00f3 de la pr\u00e0ctica osteop\u00e0tica.<\/span><\/p>\n<p><span style=\"font-weight: 400;\"><br \/>\n<\/span><span style=\"font-weight: 400;\">L\u2019any 1997 el Parlament Europeu vota la resoluci\u00f3 Paul Lannoye sobre les Medicines No Convencionals, entre les quals es troba l\u2019osteopatia, i insta als Estats membres de la UE al seu reconeixement (Resoluci\u00f3 LANNOYE\/*COLLINS 1997). Arran d'aix\u00f2 es crea la Osteopathic European Academic Network (OSEAN), l'objectiu de la qual ser\u00e0 promoure la cooperaci\u00f3 en la Formaci\u00f3 Osteop\u00e0tica i desenvolupar un curr\u00edculum acad\u00e8mic unificat a Europa. Tamb\u00e9 es crear\u00e0 el F\u00f2rum per a la regulaci\u00f3 de l\u2019Osteopatia a Europa (FORE), que busca una unificaci\u00f3 de criteris en l\u2019\u00e0mbit europeu pel que fa a l\u2019osteopatia. Amb aquesta fi el FORE i la EFO han sol\u00b7licitat al Centre de Normalitzaci\u00f3 d'Ensenyaments (CEN) que cre\u00ef un document que estableixi els est\u00e0ndards de formaci\u00f3 per als oste\u00f2pates. Aquest document est\u00e0 pendent d'aprovaci\u00f3 des del 2015.<\/span><\/p>\n<p><span style=\"font-weight: 400;\"><br \/>\n<\/span><span style=\"font-weight: 400;\">En el moment actual, alguns pa\u00efsos europeus com el Regne Unit, B\u00e8lgica, Fran\u00e7a, Su\u00efssa i Portugal, seguint les recomanacions de l'OMS i la UE tenen reconeguda l\u2019osteopatia com una professi\u00f3 sanit\u00e0ria independent, per\u00f2 a Espanya encara no est\u00e0 regulada. Esperem que amb la feina de tots aix\u00f2 pugui ser una realitat en un futur pr\u00f2xim.<\/span><\/p>\n<\/div>\n<div class=\"divider-wrapper\" style=\"visibility:hidden;background-color:#ffffff\">\n    <div class=\"visible-xs\" style=\"height:30px;\"><\/div>\n    <div class=\"visible-sm\" style=\"height:50px;\"><\/div>\n    <div class=\"visible-md\" style=\"height:50px;\"><\/div>\n    <div class=\"visible-lg\" style=\"height:50px;\"><\/div>\n<\/div><\/div>        <\/div>\n    <\/div>\n<\/section>","protected":false},"excerpt":{"rendered":"La Osteopat\u00eda Historia El precursor de la Osteopat\u00eda fue el americano Andrew Taylor Still. Nacido en 1828 en Virginia, era hijo de Abraham Still, un pastor metodista, que a su vez ejerc\u00eda de m\u00e9dico y granjero. En 1840, la familia de Still se traslad\u00f3 a Kansas y durante la guerra de Secesi\u00f3n se situaron del","protected":false},"author":1,"featured_media":0,"parent":0,"menu_order":0,"comment_status":"closed","ping_status":"closed","template":"","meta":{"footnotes":""},"class_list":["post-161","page","type-page","status-publish","hentry"],"_links":{"self":[{"href":"https:\/\/jordizaragoza.com\/ca\/wp-json\/wp\/v2\/pages\/161","targetHints":{"allow":["GET"]}}],"collection":[{"href":"https:\/\/jordizaragoza.com\/ca\/wp-json\/wp\/v2\/pages"}],"about":[{"href":"https:\/\/jordizaragoza.com\/ca\/wp-json\/wp\/v2\/types\/page"}],"author":[{"embeddable":true,"href":"https:\/\/jordizaragoza.com\/ca\/wp-json\/wp\/v2\/users\/1"}],"replies":[{"embeddable":true,"href":"https:\/\/jordizaragoza.com\/ca\/wp-json\/wp\/v2\/comments?post=161"}],"version-history":[{"count":14,"href":"https:\/\/jordizaragoza.com\/ca\/wp-json\/wp\/v2\/pages\/161\/revisions"}],"predecessor-version":[{"id":867,"href":"https:\/\/jordizaragoza.com\/ca\/wp-json\/wp\/v2\/pages\/161\/revisions\/867"}],"wp:attachment":[{"href":"https:\/\/jordizaragoza.com\/ca\/wp-json\/wp\/v2\/media?parent=161"}],"curies":[{"name":"wp","href":"https:\/\/api.w.org\/{rel}","templated":true}]}}