{"id":228,"date":"2022-03-02T17:09:09","date_gmt":"2022-03-02T17:09:09","guid":{"rendered":"http:\/\/jordizaragoza.com\/?page_id=228"},"modified":"2022-04-11T10:50:12","modified_gmt":"2022-04-11T10:50:12","slug":"marcos-de-regulacion-internacional","status":"publish","type":"page","link":"https:\/\/jordizaragoza.com\/ca\/marcos-de-regulacion-internacional\/","title":{"rendered":"Marcs reguladors"},"content":{"rendered":"<section class=\"section  text-normal section-text-no-shadow section-inner-no-shadow section-normal section-opaque\"  >\n    \n    <div class=\"background-overlay grid-overlay-0\" style=\"background-color: rgba(49,204,224,1);\"><\/div>\n\n    <div class=\"container container-vertical-bottom\">\n        <div class=\"row vertical-bottom\">\n            <div class=\"col-md-12     text-center small-screen-default\"  ><div class=\"divider-wrapper\" style=\"visibility:hidden;background-color:#ffffff\">\n    <div class=\"visible-xs\" style=\"height:30px;\"><\/div>\n    <div class=\"visible-sm\" style=\"height:40px;\"><\/div>\n    <div class=\"visible-md\" style=\"height:50px;\"><\/div>\n    <div class=\"visible-lg\" style=\"height:50px;\"><\/div>\n<\/div><h2 class=\"text-center size_header element-top-20 element-bottom-20 text-light normal default\" data-os-animation=\"none\" data-os-animation-delay=\"0s\" >\n    Marcs reguladors<\/h2><div class=\"divider-wrapper\" style=\"visibility:hidden;background-color:#ffffff\">\n    <div class=\"visible-xs\" style=\"height:30px;\"><\/div>\n    <div class=\"visible-sm\" style=\"height:40px;\"><\/div>\n    <div class=\"visible-md\" style=\"height:50px;\"><\/div>\n    <div class=\"visible-lg\" style=\"height:50px;\"><\/div>\n<\/div><\/div>        <\/div>\n    <\/div>\n<\/section>\n<section class=\"section  text-normal section-text-no-shadow section-inner-no-shadow section-normal section-opaque\"  >\n    \n    <div class=\"background-overlay grid-overlay-0\" style=\"background-color: rgba(0,0,0,0);\"><\/div>\n\n    <div class=\"container container-vertical-default\">\n        <div class=\"row vertical-default\">\n            <div class=\"col-md-12     text-default small-screen-default\"  ><div class=\"divider-wrapper\" style=\"visibility:hidden;background-color:#ffffff\">\n    <div class=\"visible-xs\" style=\"height:30px;\"><\/div>\n    <div class=\"visible-sm\" style=\"height:50px;\"><\/div>\n    <div class=\"visible-md\" style=\"height:50px;\"><\/div>\n    <div class=\"visible-lg\" style=\"height:50px;\"><\/div>\n<\/div><h2 class=\"text-center  element-top-20 element-bottom-20 text-normal normal regular\" data-os-animation=\"none\" data-os-animation-delay=\"0s\" >\n    ORGANITZACI\u00d3 MUNDIAL DE LA SALUT (OMS)<\/h2><div class=\"divider-border  divider-border-center element-top-20 element-bottom-20\" data-os-animation=\"none\" data-os-animation-delay=\"0s\" >\n    <div class=\"divider-border-inner\"  style=\"background:#31cce0; \"><\/div>\n<\/div><div class=\"row\"><div class=\"col-md-4     text-center small-screen-default\"  ><div class=\"figure element-top-20 element-bottom-20\" data-os-animation=\"none\" data-os-animation-delay=\"0s\">\n            <span class=\"figure-image\">\n        <img loading=\"lazy\" decoding=\"async\" width=\"291\" height=\"300\" src=\"https:\/\/jordizaragoza.com\/wp-content\/uploads\/2022\/03\/oms_logo-291x300.png\" class=\"attachment-medium size-medium\" alt=\"\" srcset=\"https:\/\/jordizaragoza.com\/wp-content\/uploads\/2022\/03\/oms_logo-291x300.png 291w, https:\/\/jordizaragoza.com\/wp-content\/uploads\/2022\/03\/oms_logo.png 746w\" sizes=\"auto, (max-width: 291px) 100vw, 291px\" \/>            <\/span>\n    <\/div>\n<\/div><div class=\"col-md-8     text-default small-screen-default\"  ><div class=\"col-text-1 text-normal  element-top-20 element-bottom-20\" data-os-animation=\"none\" data-os-animation-delay=\"0s\">\n    <p><span style=\"font-weight: 400;\">Segons el document \u201cWHO Benchmarks for Training in Osteopathy\u201d publicat per l'OMS en 2010:<\/span><\/p>\n<p><span style=\"font-weight: 400;\">\u201cLa pr\u00e0ctica de l\u2019osteopatia \u00e9s diferent d'altres professions sanit\u00e0ries que utilitzen t\u00e8cniques manuals, com la fisioter\u00e0pia o la quiropr\u00e0ctica, tot i que algunes de les t\u00e8cniques i intervencions emprades, poden ser compartides\u201d.<\/span><\/p>\n<p><span style=\"font-weight: 400;\">\u201cL\u2019osteopatia (tamb\u00e9 anomenada medicina osteop\u00e0tica) es basa en el contacte manual per al diagn\u00f2stic i el tractament. Respecta la relaci\u00f3 de cos, ment i esperit en salut i malaltia; posa \u00e8mfasi en la integritat estructural i funcional del cos i en la tend\u00e8ncia intr\u00ednseca del cos a l'autocuraci\u00f3. Els practicants de l\u2019osteopatia utilitzen una \u00e0mplia varietat de t\u00e8cniques manuals terap\u00e8utiques per a millorar la funci\u00f3 fisiol\u00f2gica i \/ o donar suport a l'home\u00f2stasi que hagi estat alterada per la disfunci\u00f3 som\u00e0tica (estructura corporal), \u00e9s a dir, les alteracions de la funci\u00f3 dels components relacionats del sistema som\u00e0tic; les estructures esquel\u00e8tiques, artrodials i miofascials; i els seus elements vasculars, limf\u00e0tics i neurals associats\u201d.<\/span><\/p>\n<\/div>\n<\/div><\/div><\/div>        <\/div>\n    <\/div>\n<\/section>\n<section class=\"section  text-normal section-text-no-shadow section-inner-no-shadow section-normal section-opaque\"  >\n    \n    <div class=\"background-overlay grid-overlay-0\" style=\"background-color: rgba(0,0,0,0);\"><\/div>\n\n    <div class=\"container container-vertical-default\">\n        <div class=\"row vertical-default\">\n            <div class=\"col-md-12     text-default small-screen-default\"  ><div class=\"divider-wrapper\" style=\"visibility:hidden;background-color:#ffffff\">\n    <div class=\"visible-xs\" style=\"height:30px;\"><\/div>\n    <div class=\"visible-sm\" style=\"height:50px;\"><\/div>\n    <div class=\"visible-md\" style=\"height:50px;\"><\/div>\n    <div class=\"visible-lg\" style=\"height:50px;\"><\/div>\n<\/div><h2 class=\"text-center  element-top-20 element-bottom-20 text-normal normal regular\" data-os-animation=\"none\" data-os-animation-delay=\"0s\" >\n    Norma Europea EN-16686:2015<\/h2><div class=\"divider-border  divider-border-center element-top-20 element-bottom-20\" data-os-animation=\"none\" data-os-animation-delay=\"0s\" >\n    <div class=\"divider-border-inner\"  style=\"background:#31cce0; \"><\/div>\n<\/div><div class=\"col-text-1 text-normal  element-top-20 element-bottom-20\" data-os-animation=\"none\" data-os-animation-delay=\"0s\">\n    <p><span style=\"font-weight: 400;\">L\u2019any 2015 es va publicar la Norma Europea EN 16686:2015 sobre \u201cPrestaci\u00f3 d'assist\u00e8ncia sanit\u00e0ria en osteopatia\u201d.<\/span><\/p>\n<p><span style=\"font-weight: 400;\">Aquesta Norma va ser elaborada pel Comit\u00e8 Europeu de Normalitzaci\u00f3 (CEN) format en aquest moment per representants de 34 pa\u00efsos i amb la mediaci\u00f3 del CEN\/TC 414 \u201cServices of osteopathy\u201d.\u00a0<\/span><\/p>\n<p><span style=\"font-weight: 400;\">En aquesta, s\u2019especifiquen els requisits i recomanacions per a la prestaci\u00f3 d'assist\u00e8ncia sanit\u00e0ria, la dotaci\u00f3 d'instal\u00b7lacions i equips, la formaci\u00f3, i el marc \u00e8tic per a la bona pr\u00e0ctica de l\u2019osteopatia.<\/span><\/p>\n<p><span style=\"font-weight: 400;\">La Norma estableix que \u201cl\u2019osteopatia \u00e9s una disciplina sanit\u00e0ria de primera intenci\u00f3 i centrada en el pacient; que destaca la interrelaci\u00f3 d'estructura i funci\u00f3 del cos, facilita la capacitat innata del cos per a curar-se a si mateix, i propugna un enfocament integral de la persona respecte a tots els aspectes de la salut i el desenvolupament saludable, mitjan\u00e7ant la pr\u00e0ctica del tractament manual\u201d.\u00a0<\/span><\/p>\n<p><span style=\"font-weight: 400;\">En la descripci\u00f3 de l\u2019osteopatia s'especifica que \u201cla pr\u00e0ctica de l\u2019osteopatia utilitza el coneixement osteop\u00e0tic, metge i cient\u00edfic per a aplicar els principis de l\u2019osteopatia al diagn\u00f2stic i tractament del pacient\u201d, tamb\u00e9 que \u201cel rigor cient\u00edfic i la pr\u00e0ctica basada en l'evid\u00e8ncia\u201d s\u00f3n una part important d'aquesta.\u00a0<\/span><\/p>\n<p><span style=\"font-weight: 400;\">Defineix l\u2019osteopatia com \u201cuna disciplina independent d'assist\u00e8ncia sanit\u00e0ria\u201d i que \u201ces basa en els principis extrets de la fisiologia, anatomia i embriologia humanes i d'altres ci\u00e8ncies biom\u00e8diques\u201d.<br \/>\n<\/span><\/p>\n<\/div>\n<div class=\"divider-wrapper\" style=\"visibility:hidden;background-color:#ffffff\">\n    <div class=\"visible-xs\" style=\"height:30px;\"><\/div>\n    <div class=\"visible-sm\" style=\"height:50px;\"><\/div>\n    <div class=\"visible-md\" style=\"height:50px;\"><\/div>\n    <div class=\"visible-lg\" style=\"height:50px;\"><\/div>\n<\/div><\/div>        <\/div>\n    <\/div>\n<\/section>","protected":false},"excerpt":{"rendered":"Marcos de regulaci\u00f3n internacional Organizaci\u00f3n Mundial de la Salud (OMS) Seg\u00fan el documento \u201cWHO Benchmarks for Training in Osteopathy\u201d publicado por la OMS en 2010: \u201dLa pr\u00e1ctica de la osteopat\u00eda es distinta de otras profesiones sanitarias que utilizan t\u00e9cnicas manuales, como la fisioterapia o la quiropr\u00e1ctica, a pesar de que algunas de las t\u00e9cnicas e","protected":false},"author":1,"featured_media":0,"parent":0,"menu_order":0,"comment_status":"closed","ping_status":"closed","template":"","meta":{"footnotes":""},"class_list":["post-228","page","type-page","status-publish","hentry"],"_links":{"self":[{"href":"https:\/\/jordizaragoza.com\/ca\/wp-json\/wp\/v2\/pages\/228","targetHints":{"allow":["GET"]}}],"collection":[{"href":"https:\/\/jordizaragoza.com\/ca\/wp-json\/wp\/v2\/pages"}],"about":[{"href":"https:\/\/jordizaragoza.com\/ca\/wp-json\/wp\/v2\/types\/page"}],"author":[{"embeddable":true,"href":"https:\/\/jordizaragoza.com\/ca\/wp-json\/wp\/v2\/users\/1"}],"replies":[{"embeddable":true,"href":"https:\/\/jordizaragoza.com\/ca\/wp-json\/wp\/v2\/comments?post=228"}],"version-history":[{"count":21,"href":"https:\/\/jordizaragoza.com\/ca\/wp-json\/wp\/v2\/pages\/228\/revisions"}],"predecessor-version":[{"id":869,"href":"https:\/\/jordizaragoza.com\/ca\/wp-json\/wp\/v2\/pages\/228\/revisions\/869"}],"wp:attachment":[{"href":"https:\/\/jordizaragoza.com\/ca\/wp-json\/wp\/v2\/media?parent=228"}],"curies":[{"name":"wp","href":"https:\/\/api.w.org\/{rel}","templated":true}]}}