{"id":249,"date":"2022-03-02T17:51:38","date_gmt":"2022-03-02T17:51:38","guid":{"rendered":"http:\/\/jordizaragoza.com\/?page_id=249"},"modified":"2022-05-18T12:56:35","modified_gmt":"2022-05-18T12:56:35","slug":"lineas-de-investigacion","status":"publish","type":"page","link":"https:\/\/jordizaragoza.com\/ca\/lineas-de-investigacion\/","title":{"rendered":"L\u00ednies d'investeigaci\u00f3"},"content":{"rendered":"<section class=\"section  text-normal section-text-no-shadow section-inner-no-shadow section-normal section-opaque\"  >\n    \n    <div class=\"background-overlay grid-overlay-0\" style=\"background-color: rgba(49,204,224,1);\"><\/div>\n\n    <div class=\"container container-vertical-bottom\">\n        <div class=\"row vertical-bottom\">\n            <div class=\"col-md-12     text-center small-screen-default\"  ><div class=\"divider-wrapper\" style=\"visibility:hidden;background-color:#ffffff\">\n    <div class=\"visible-xs\" style=\"height:30px;\"><\/div>\n    <div class=\"visible-sm\" style=\"height:40px;\"><\/div>\n    <div class=\"visible-md\" style=\"height:50px;\"><\/div>\n    <div class=\"visible-lg\" style=\"height:50px;\"><\/div>\n<\/div><h2 class=\"text-center size_header element-top-20 element-bottom-20 text-light normal default\" data-os-animation=\"none\" data-os-animation-delay=\"0s\" >\n    L\u00ednies d'investeigaci\u00f3<\/h2><div class=\"divider-wrapper\" style=\"visibility:hidden;background-color:#ffffff\">\n    <div class=\"visible-xs\" style=\"height:30px;\"><\/div>\n    <div class=\"visible-sm\" style=\"height:40px;\"><\/div>\n    <div class=\"visible-md\" style=\"height:50px;\"><\/div>\n    <div class=\"visible-lg\" style=\"height:50px;\"><\/div>\n<\/div><\/div>        <\/div>\n    <\/div>\n<\/section>\n<section class=\"section  text-normal section-text-no-shadow section-inner-no-shadow section-normal section-opaque\"  >\n    \n    <div class=\"background-overlay grid-overlay-0\" style=\"background-color: rgba(0,0,0,0);\"><\/div>\n\n    <div class=\"container container-vertical-default\">\n        <div class=\"row vertical-default\">\n            <div class=\"col-md-12     text-default small-screen-default\"  ><div class=\"divider-wrapper\" style=\"visibility:hidden;background-color:#FFFFFF\">\n    <div class=\"visible-xs\" style=\"height:24px;\"><\/div>\n    <div class=\"visible-sm\" style=\"height:24px;\"><\/div>\n    <div class=\"visible-md\" style=\"height:24px;\"><\/div>\n    <div class=\"visible-lg\" style=\"height:24px;\"><\/div>\n<\/div><div class=\"col-text-1 text-normal  element-top-20 element-bottom-20\" data-os-animation=\"none\" data-os-animation-delay=\"0s\">\n    <p><span style=\"font-weight: 400;\">Qualsevol professi\u00f3 sanit\u00e0ria requereix diferents perfils pel seu desenvolupament i cal que una part del col\u00b7lectiu desenvolupi l\u2019osteopatia en els camps de:<\/span><\/p>\n<\/div>\n<ul class=\"fa-ul  text-normal element-top-20 element-bottom-20\" data-os-animation=\"none\" data-os-animation-delay=\"0s\">\n    <li class=\"\">\n            <i class=\"fa-li fa fa-check-circle-o\" style=\"color:#5ab8d0;\">\n        <\/i>\n        La cl\u00ednica<\/li><li class=\"\">\n            <i class=\"fa-li fa fa-check-circle-o\" style=\"color:#5ab8d0;\">\n        <\/i>\n        La doc\u00e8ncia<\/li><li class=\"\">\n            <i class=\"fa-li fa fa-check-circle-o\" style=\"color:#5ab8d0;\">\n        <\/i>\n        Les relacions institucionals<\/li><li class=\"\">\n            <i class=\"fa-li fa fa-check-circle-o\" style=\"color:#5ab8d0;\">\n        <\/i>\n        La investigaci\u00f3<\/li><\/ul><div class=\"col-text-1 text-normal  element-top-20 element-bottom-20\" data-os-animation=\"none\" data-os-animation-delay=\"0s\">\n    <p><span style=\"font-weight: 400;\">En el meu cas particular he dedicat energia als quatre aspectes, sent el cl\u00ednic el que principalment ocupa el meu temps i experi\u00e8ncia.<\/span><\/p>\n<p><span style=\"font-weight: 400;\">La doc\u00e8ncia \u00e9s una part fonamental pel creixement del col\u00b7lectiu i sense dubte una font de coneixement i creixement personal. Tinc el convenciment que interioritzes un concepte quan ets capa\u00e7 d\u2019explicar-lo a una persona de forma endre\u00e7ada i comprensible. L\u2019experi\u00e8ncia de preparar i desenvolupar el contingut acad\u00e8mic de les meves classes ha esdevingut un pilar b\u00e0sic pel meu desenvolupament cl\u00ednic.<\/span><\/p>\n<p><span style=\"font-weight: 400;\">Les relacions institucionals s\u00f3n un altre apartat interessant en el posicionament davant dels col\u00b7lectius, altres treballadors de la salut, pol\u00edtics, empresaris, etc.\u00a0<\/span><\/p>\n<p><span style=\"font-weight: 400;\">Per\u00f2 sens dubte, el perfil que m\u00e9s necessita en aquest moment l\u2019osteopatia \u00e9s de la investigaci\u00f3. Vivim en una societat en qu\u00e8 preval la medicina basada en l\u2019evid\u00e8ncia, i el col\u00b7lectiu osteop\u00e0tic no pot ser ali\u00e8 a tal requeriment.<\/span><\/p>\n<p><span style=\"font-weight: 400;\">Els esfor\u00e7os per generar evid\u00e8ncia amb el m\u00e8tode cient\u00edfic dels resultats cl\u00ednics que podem observar en el dia a dia de la nostra consulta s\u00f3n b\u00e0sics per aconseguir un espai de relaci\u00f3 de la nostra professi\u00f3 amb els altres col\u00b7lectius sanitaris.<\/span><\/p>\n<p><span style=\"font-weight: 400;\">No treballem en un camp diferent del dels altres professionals, treballem amb un enfocament diferent, hol\u00edstic, entenent les relacions i les interaccions del cos. No podem limitar-nos a tractar els signes o s\u00edmptomes dels nostres pacients, avui dia, calen professionals dedicats a mostrar els nostres resultats amb el llenguatge de la medicina basada en l\u2019evid\u00e8ncia.<\/span><\/p>\n<p><span style=\"text-decoration: underline;\"><span style=\"font-weight: 400;\">L\u00ednies d'investeigaci\u00f3<\/span><\/span><\/p>\n<p><span style=\"font-weight: 400;\">En el meu cas he dedicat anys a entendre el funcionament cel\u00b7lular i la seva relaci\u00f3 amb l\u2019estat bioqu\u00edmic del l\u00edquid extracel\u00b7lular, especialment el seu Ph.<\/span><\/p>\n<\/div>\n\n<div class=\"vc_grid-container-wrapper vc_clearfix\">\n\t<div class=\"vc_grid-container vc_clearfix wpb_content_element vc_media_grid\" data-initial-loading-animation=\"fadeIn\" data-vc-grid-settings=\"{&quot;page_id&quot;:249,&quot;style&quot;:&quot;pagination&quot;,&quot;action&quot;:&quot;vc_get_vc_grid_data&quot;,&quot;shortcode_id&quot;:&quot;1652878574637-f0ca6f80-c397-3&quot;,&quot;items_per_page&quot;:&quot;4&quot;,&quot;auto_play&quot;:false,&quot;gap&quot;:5,&quot;speed&quot;:-1000,&quot;loop&quot;:&quot;&quot;,&quot;animation_in&quot;:&quot;&quot;,&quot;animation_out&quot;:&quot;&quot;,&quot;arrows_design&quot;:&quot;none&quot;,&quot;arrows_color&quot;:&quot;blue&quot;,&quot;arrows_position&quot;:&quot;inside&quot;,&quot;paging_design&quot;:&quot;none&quot;,&quot;paging_color&quot;:&quot;grey&quot;,&quot;tag&quot;:&quot;vc_media_grid&quot;}\" data-vc-request=\"https:\/\/jordizaragoza.com\/wp-admin\/admin-ajax.php\" data-vc-post-id=\"249\" data-vc-public-nonce=\"94c259bddc\">\n\t\t\n\t<\/div>\n<\/div><div class=\"col-text-1 text-normal  element-top-20 element-bottom-20\" data-os-animation=\"none\" data-os-animation-delay=\"0s\">\n    <p><span style=\"font-weight: 400;\">Ara estic immers en una altra l\u00ednia dedicada a explorar les relacions de la mobilitat i la motilitat cranial respecte als problemes visuals que tan importants s\u00f3n en el medi esportiu i que tant pateixen les conseq\u00fc\u00e8ncies d\u2019un enfocament visual molt m\u00e9s proper del que mai ha fet la nostra esp\u00e8cie.<\/span><\/p>\n<\/div>\n<div class=\"divider-wrapper\" style=\"visibility:hidden;background-color:#FFFFFF\">\n    <div class=\"visible-xs\" style=\"height:24px;\"><\/div>\n    <div class=\"visible-sm\" style=\"height:24px;\"><\/div>\n    <div class=\"visible-md\" style=\"height:24px;\"><\/div>\n    <div class=\"visible-lg\" style=\"height:24px;\"><\/div>\n<\/div><\/div>        <\/div>\n    <\/div>\n<\/section>","protected":false},"excerpt":{"rendered":"L\u00edneas de investigaci\u00f3n Cualquier profesi\u00f3n sanitaria requiere perfiles diferentes para su desarrollo, se requiere una parte del colectivo que desarrolle la osteopat\u00eda en los campos de: La cl\u00ednica La docencia Las relaciones institucionales La investigaci\u00f3n En mi caso particular he dedicado energ\u00eda a los cuatro aspectos, siendo el cl\u00ednico el que mayormente ocupa mi tiempo","protected":false},"author":1,"featured_media":0,"parent":0,"menu_order":0,"comment_status":"closed","ping_status":"closed","template":"","meta":{"footnotes":""},"class_list":["post-249","page","type-page","status-publish","hentry"],"_links":{"self":[{"href":"https:\/\/jordizaragoza.com\/ca\/wp-json\/wp\/v2\/pages\/249","targetHints":{"allow":["GET"]}}],"collection":[{"href":"https:\/\/jordizaragoza.com\/ca\/wp-json\/wp\/v2\/pages"}],"about":[{"href":"https:\/\/jordizaragoza.com\/ca\/wp-json\/wp\/v2\/types\/page"}],"author":[{"embeddable":true,"href":"https:\/\/jordizaragoza.com\/ca\/wp-json\/wp\/v2\/users\/1"}],"replies":[{"embeddable":true,"href":"https:\/\/jordizaragoza.com\/ca\/wp-json\/wp\/v2\/comments?post=249"}],"version-history":[{"count":27,"href":"https:\/\/jordizaragoza.com\/ca\/wp-json\/wp\/v2\/pages\/249\/revisions"}],"predecessor-version":[{"id":892,"href":"https:\/\/jordizaragoza.com\/ca\/wp-json\/wp\/v2\/pages\/249\/revisions\/892"}],"wp:attachment":[{"href":"https:\/\/jordizaragoza.com\/ca\/wp-json\/wp\/v2\/media?parent=249"}],"curies":[{"name":"wp","href":"https:\/\/api.w.org\/{rel}","templated":true}]}}