{"id":256,"date":"2022-03-02T17:59:41","date_gmt":"2022-03-02T17:59:41","guid":{"rendered":"http:\/\/jordizaragoza.com\/?page_id=256"},"modified":"2022-03-27T20:54:17","modified_gmt":"2022-03-27T20:54:17","slug":"medicina-basada-en-la-evidencia","status":"publish","type":"page","link":"https:\/\/jordizaragoza.com\/ca\/medicina-basada-en-la-evidencia\/","title":{"rendered":"Medicina basada en l\u2019evid\u00e8ncia"},"content":{"rendered":"<section class=\"section  text-normal section-text-no-shadow section-inner-no-shadow section-normal section-opaque\"  >\n    \n    <div class=\"background-overlay grid-overlay-0\" style=\"background-color: rgba(49,204,224,1);\"><\/div>\n\n    <div class=\"container container-vertical-bottom\">\n        <div class=\"row vertical-bottom\">\n            <div class=\"col-md-12     text-center small-screen-default\"  ><div class=\"divider-wrapper\" style=\"visibility:hidden;background-color:#ffffff\">\n    <div class=\"visible-xs\" style=\"height:30px;\"><\/div>\n    <div class=\"visible-sm\" style=\"height:40px;\"><\/div>\n    <div class=\"visible-md\" style=\"height:50px;\"><\/div>\n    <div class=\"visible-lg\" style=\"height:50px;\"><\/div>\n<\/div><h2 class=\"text-center size_header element-top-20 element-bottom-20 text-light normal default\" data-os-animation=\"none\" data-os-animation-delay=\"0s\" >\n    Medicina basada en l\u2019evid\u00e8ncia<\/h2><div class=\"divider-wrapper\" style=\"visibility:hidden;background-color:#ffffff\">\n    <div class=\"visible-xs\" style=\"height:30px;\"><\/div>\n    <div class=\"visible-sm\" style=\"height:40px;\"><\/div>\n    <div class=\"visible-md\" style=\"height:50px;\"><\/div>\n    <div class=\"visible-lg\" style=\"height:50px;\"><\/div>\n<\/div><\/div>        <\/div>\n    <\/div>\n<\/section>\n<section class=\"section  text-normal section-text-no-shadow section-inner-no-shadow section-normal section-opaque\"  >\n    \n    <div class=\"background-overlay grid-overlay-0\" style=\"background-color: rgba(0,0,0,0);\"><\/div>\n\n    <div class=\"container container-vertical-default\">\n        <div class=\"row vertical-default\">\n            <div class=\"col-md-12     text-default small-screen-default\"  ><div class=\"divider-wrapper\" style=\"visibility:hidden;background-color:#FFFFFF\">\n    <div class=\"visible-xs\" style=\"height:24px;\"><\/div>\n    <div class=\"visible-sm\" style=\"height:24px;\"><\/div>\n    <div class=\"visible-md\" style=\"height:24px;\"><\/div>\n    <div class=\"visible-lg\" style=\"height:24px;\"><\/div>\n<\/div><\/div>        <\/div>\n    <\/div>\n<\/section>\n<section class=\"section  text-normal section-text-no-shadow section-inner-no-shadow section-normal section-opaque\"  >\n    \n    <div class=\"background-overlay grid-overlay-0\" style=\"background-color: rgba(0,0,0,0);\"><\/div>\n\n    <div class=\"container container-vertical-default\">\n        <div class=\"row vertical-default\">\n            <div class=\"col-md-6     text-default small-screen-default\"  ><div class=\"figure element-top-20 element-bottom-20\" data-os-animation=\"none\" data-os-animation-delay=\"0s\">\n            <a href=\"https:\/\/jordizaragoza.com\/wp-content\/uploads\/2022\/03\/joyce-mccown-LAEPsbXOhIM-unsplash-scaled.jpg\" class=\"figure-image magnific\" target=\"_self\">\n        <img loading=\"lazy\" decoding=\"async\" width=\"2560\" height=\"1920\" src=\"https:\/\/jordizaragoza.com\/wp-content\/uploads\/2022\/03\/joyce-mccown-LAEPsbXOhIM-unsplash-scaled.jpg\" class=\"attachment-full size-full\" alt=\"\" srcset=\"https:\/\/jordizaragoza.com\/wp-content\/uploads\/2022\/03\/joyce-mccown-LAEPsbXOhIM-unsplash-scaled.jpg 2560w, https:\/\/jordizaragoza.com\/wp-content\/uploads\/2022\/03\/joyce-mccown-LAEPsbXOhIM-unsplash-300x225.jpg 300w, https:\/\/jordizaragoza.com\/wp-content\/uploads\/2022\/03\/joyce-mccown-LAEPsbXOhIM-unsplash-1024x768.jpg 1024w, https:\/\/jordizaragoza.com\/wp-content\/uploads\/2022\/03\/joyce-mccown-LAEPsbXOhIM-unsplash-768x576.jpg 768w, https:\/\/jordizaragoza.com\/wp-content\/uploads\/2022\/03\/joyce-mccown-LAEPsbXOhIM-unsplash-1536x1152.jpg 1536w, https:\/\/jordizaragoza.com\/wp-content\/uploads\/2022\/03\/joyce-mccown-LAEPsbXOhIM-unsplash-2048x1536.jpg 2048w, https:\/\/jordizaragoza.com\/wp-content\/uploads\/2022\/03\/joyce-mccown-LAEPsbXOhIM-unsplash-800x600.jpg 800w\" sizes=\"auto, (max-width: 2560px) 100vw, 2560px\" \/>            <\/a>\n    <\/div>\n<\/div><div class=\"col-md-6     text-default small-screen-default\"  ><div class=\"col-text-1 text-normal  element-top-20 element-bottom-20\" data-os-animation=\"none\" data-os-animation-delay=\"0s\">\n    <p><span style=\"font-weight: 400;\">La Medicina basada en l\u2019evid\u00e8ncia representa la integraci\u00f3 de l\u2019experi\u00e8ncia cl\u00ednica, els valors del pacient i la millor evid\u00e8ncia disponible en el proc\u00e9s de presa de decisions relacionades amb l\u2019atenci\u00f3 m\u00e8dica del pacient.\u00a0<\/span><\/p>\n<p><span style=\"font-weight: 400;\">Es va originar a la segona meitat del segle XIX, significa l\u2019\u00fas conscient expl\u00edcit, judici\u00f3s i raonable de les millors evid\u00e8ncies cient\u00edfiques actuals per prendre decisions en el tractament de cada pacient individual.\u00a0<\/span><\/p>\n<p><span style=\"font-weight: 400;\">L\u2019aplicaci\u00f3 de la medicina basada en l\u2019evid\u00e8ncia converteix el proc\u00e9s pragm\u00e0tic d\u2019utilitzar la literatura per beneficiar a pacients individuals, significa relacionar els signes cl\u00ednics individuals, l\u2019experi\u00e8ncia cl\u00ednica individual amb les millors evid\u00e8ncies cient\u00edfiques obtingudes per la investigaci\u00f3 cl\u00ednica.\u00a0<\/span><\/p>\n<p><span style=\"font-weight: 400;\">L\u2019evid\u00e8ncia cl\u00ednica externa port informar, per\u00f2 mai reempla\u00e7ar l\u2019experi\u00e8ncia cl\u00ednica individual, i \u00e9s aquesta experi\u00e8ncia la que decideix si l\u2019evid\u00e8ncia externa s\u2019aplica al pacient individual i, de ser aix\u00ed, com ha d\u2019integrar-se una decisi\u00f3 cl\u00ednica per decidir si coincideix i com coincideix amb l\u2019estat cl\u00ednic, la situaci\u00f3 i les prefer\u00e8ncies del pacient i, per tant, si s\u2019ha d\u2019aplicar. <\/span><span style=\"font-weight: 400;\">y, de ser as\u00ed, c\u00f3mo debe integrarse en una decisi\u00f3n cl\u00ednica para decidir si coincide y c\u00f3mo coincide con el estado cl\u00ednico, la situaci\u00f3n y las preferencias del paciente y, por lo tanto, si debe aplicarse.\u00a0<\/span><\/p>\n<\/div>\n<\/div>        <\/div>\n    <\/div>\n<\/section>\n<section class=\"section  text-normal section-text-no-shadow section-inner-no-shadow section-normal section-opaque\"  >\n    \n    <div class=\"background-overlay grid-overlay-0\" style=\"background-color: rgba(0,0,0,0);\"><\/div>\n\n    <div class=\"container container-vertical-default\">\n        <div class=\"row vertical-default\">\n            <div class=\"col-md-12     text-default small-screen-default\"  ><div class=\"divider-wrapper\" style=\"visibility:hidden;background-color:#FFFFFF\">\n    <div class=\"visible-xs\" style=\"height:30px;\"><\/div>\n    <div class=\"visible-sm\" style=\"height:60px;\"><\/div>\n    <div class=\"visible-md\" style=\"height:80px;\"><\/div>\n    <div class=\"visible-lg\" style=\"height:100px;\"><\/div>\n<\/div><\/div>        <\/div>\n    <\/div>\n<\/section>","protected":false},"excerpt":{"rendered":"Medicina basada en la evidencia La Medicina basada en la evidencia representa la integraci\u00f3n de la experiencia cl\u00ednica, los valores del paciente y la mejor evidencia disponible en el proceso de toma de decisiones relacionadas con la atenci\u00f3n m\u00e9dica del paciente.\u00a0 Se origin\u00f3 en la segunda mitad del siglo XIX, significa el uso consciente expl\u00edcito,","protected":false},"author":1,"featured_media":0,"parent":0,"menu_order":0,"comment_status":"closed","ping_status":"closed","template":"","meta":{"footnotes":""},"class_list":["post-256","page","type-page","status-publish","hentry"],"_links":{"self":[{"href":"https:\/\/jordizaragoza.com\/ca\/wp-json\/wp\/v2\/pages\/256","targetHints":{"allow":["GET"]}}],"collection":[{"href":"https:\/\/jordizaragoza.com\/ca\/wp-json\/wp\/v2\/pages"}],"about":[{"href":"https:\/\/jordizaragoza.com\/ca\/wp-json\/wp\/v2\/types\/page"}],"author":[{"embeddable":true,"href":"https:\/\/jordizaragoza.com\/ca\/wp-json\/wp\/v2\/users\/1"}],"replies":[{"embeddable":true,"href":"https:\/\/jordizaragoza.com\/ca\/wp-json\/wp\/v2\/comments?post=256"}],"version-history":[{"count":9,"href":"https:\/\/jordizaragoza.com\/ca\/wp-json\/wp\/v2\/pages\/256\/revisions"}],"predecessor-version":[{"id":762,"href":"https:\/\/jordizaragoza.com\/ca\/wp-json\/wp\/v2\/pages\/256\/revisions\/762"}],"wp:attachment":[{"href":"https:\/\/jordizaragoza.com\/ca\/wp-json\/wp\/v2\/media?parent=256"}],"curies":[{"name":"wp","href":"https:\/\/api.w.org\/{rel}","templated":true}]}}