{"id":261,"date":"2022-03-02T18:05:37","date_gmt":"2022-03-02T18:05:37","guid":{"rendered":"http:\/\/jordizaragoza.com\/?page_id=261"},"modified":"2022-04-07T17:54:36","modified_gmt":"2022-04-07T17:54:36","slug":"docencia-eio-fbeo","status":"publish","type":"page","link":"https:\/\/jordizaragoza.com\/ca\/docencia-eio-fbeo\/","title":{"rendered":"Doc\u00e8ncia EIO + FBEO"},"content":{"rendered":"<section class=\"section  text-normal section-text-no-shadow section-inner-no-shadow section-normal section-opaque\"  >\n    \n    <div class=\"background-overlay grid-overlay-0\" style=\"background-color: rgba(49,204,224,1);\"><\/div>\n\n    <div class=\"container container-vertical-bottom\">\n        <div class=\"row vertical-bottom\">\n            <div class=\"col-md-12     text-center small-screen-default\"  ><div class=\"divider-wrapper\" style=\"visibility:hidden;background-color:#ffffff\">\n    <div class=\"visible-xs\" style=\"height:30px;\"><\/div>\n    <div class=\"visible-sm\" style=\"height:40px;\"><\/div>\n    <div class=\"visible-md\" style=\"height:50px;\"><\/div>\n    <div class=\"visible-lg\" style=\"height:50px;\"><\/div>\n<\/div><h2 class=\"text-center size_header element-top-20 element-bottom-20 text-light normal default\" data-os-animation=\"none\" data-os-animation-delay=\"0s\" >\n    Doc\u00e8ncia EIO + FBEO<\/h2><div class=\"divider-wrapper\" style=\"visibility:hidden;background-color:#ffffff\">\n    <div class=\"visible-xs\" style=\"height:30px;\"><\/div>\n    <div class=\"visible-sm\" style=\"height:40px;\"><\/div>\n    <div class=\"visible-md\" style=\"height:50px;\"><\/div>\n    <div class=\"visible-lg\" style=\"height:50px;\"><\/div>\n<\/div><\/div>        <\/div>\n    <\/div>\n<\/section>\n<section class=\"section  text-normal section-text-no-shadow section-inner-no-shadow section-normal section-opaque\"  >\n    \n    <div class=\"background-overlay grid-overlay-0\" style=\"background-color: rgba(0,0,0,0);\"><\/div>\n\n    <div class=\"container container-vertical-default\">\n        <div class=\"row vertical-default\">\n            <div class=\"col-md-12     text-default small-screen-default\"  ><div class=\"divider-wrapper\" style=\"visibility:hidden;background-color:#FFFFFF\">\n    <div class=\"visible-xs\" style=\"height:24px;\"><\/div>\n    <div class=\"visible-sm\" style=\"height:24px;\"><\/div>\n    <div class=\"visible-md\" style=\"height:24px;\"><\/div>\n    <div class=\"visible-lg\" style=\"height:24px;\"><\/div>\n<\/div><div class=\"col-text-1 text-normal  element-top-20 element-bottom-20\" data-os-animation=\"none\" data-os-animation-delay=\"0s\">\n    <p><span style=\"font-weight: 400;\">La doc\u00e8ncia \u00e9s un apartat que considero essencial en el desenvolupament personal com a \noste\u00f2pata.\u00a0<\/span><\/p>\n<p><span style=\"font-weight: 400;\">Durant anys vaig ser docent de metodologia osteop\u00e0tica a l\u2019Escola Internacional d\u2019Osteopatia de Bilbao. Malauradament, aquesta escola va decidir no continuar impartint doc\u00e8ncia en considerar que els programes acad\u00e8mics inferiors a 5 anys (com els que ells impartien) no eren una formaci\u00f3 adequada per crear professionals de la nostra especialitat, i el mercat espanyol es va veure immers en una onada de formacions de dos anys amb validaci\u00f3 universit\u00e0ria que va deixar sense opcions a formacions m\u00e9s llargues.<\/span><\/p>\n<\/div>\n<div class=\"col-text-1 text-normal  element-top-20 element-bottom-20\" data-os-animation=\"none\" data-os-animation-delay=\"0s\">\n    <p class=\"translation-block\"><span style=\"font-weight: 400\">Actualment, formo part de <a href=\"https:\/\/fbeosteo.com\/docentes\" target=\"_blank\">l\u2019equip docent de la FBEO.<\/a>.<\/span><\/p>\n<\/div>\n<\/div>        <\/div>\n    <\/div>\n<\/section>\n<section class=\"section  text-normal section-text-no-shadow section-inner-no-shadow section-normal section-opaque\"  >\n    \n    <div class=\"background-overlay grid-overlay-0\" style=\"background-color: rgba(0,0,0,0);\"><\/div>\n\n    <div class=\"container container-vertical-default\">\n        <div class=\"row vertical-default\">\n            <div class=\"col-md-3     text-center small-screen-default\"  ><div class=\"figure element-top-20 element-bottom-10 image-effect-zoom-in\" data-os-animation=\"none\" data-os-animation-delay=\"0s\">\n            <a href=\"https:\/\/jordizaragoza.com\/wp-content\/uploads\/2022\/03\/2018-02-10-02.09.54.jpg\" class=\"figure-image magnific\" target=\"_self\">\n        <img loading=\"lazy\" decoding=\"async\" src=\"https:\/\/jordizaragoza.com\/wp-content\/uploads\/2022\/03\/2018-02-10-02.09.54-400x400.jpg\" width=\"400\" height=\"400\" alt=\"\"\/>            <\/a>\n    <\/div>\n<\/div><div class=\"col-md-3     text-center small-screen-default\"  ><div class=\"figure element-top-20 element-bottom-10 image-effect-zoom-in\" data-os-animation=\"none\" data-os-animation-delay=\"0s\">\n            <a href=\"https:\/\/jordizaragoza.com\/wp-content\/uploads\/2022\/03\/2018-02-11-12.09.36-2-scaled.jpg\" class=\"figure-image magnific\" target=\"_self\">\n        <img loading=\"lazy\" decoding=\"async\" src=\"https:\/\/jordizaragoza.com\/wp-content\/uploads\/2022\/03\/2018-02-11-12.09.36-2-scaled-400x400.jpg\" width=\"400\" height=\"400\" alt=\"\"\/>            <\/a>\n    <\/div>\n<\/div><div class=\"col-md-3     text-center small-screen-default\"  ><div class=\"figure element-top-20 element-bottom-10 image-effect-zoom-in\" data-os-animation=\"none\" data-os-animation-delay=\"0s\">\n            <a href=\"https:\/\/jordizaragoza.com\/wp-content\/uploads\/2022\/03\/IMG_5315-2-scaled.jpg\" class=\"figure-image magnific\" target=\"_self\">\n        <img loading=\"lazy\" decoding=\"async\" src=\"https:\/\/jordizaragoza.com\/wp-content\/uploads\/2022\/03\/IMG_5315-2-scaled-400x400.jpg\" width=\"400\" height=\"400\" alt=\"\"\/>            <\/a>\n    <\/div>\n<\/div><div class=\"col-md-3     text-default small-screen-default\"  ><div class=\"figure element-top-20 element-bottom-10 image-effect-zoom-in\" data-os-animation=\"none\" data-os-animation-delay=\"0s\">\n            <a href=\"https:\/\/jordizaragoza.com\/wp-content\/uploads\/2022\/03\/IMG_5311.jpg\" class=\"figure-image magnific\" target=\"_self\">\n        <img loading=\"lazy\" decoding=\"async\" src=\"https:\/\/jordizaragoza.com\/wp-content\/uploads\/2022\/03\/IMG_5311-400x400.jpg\" width=\"400\" height=\"400\" alt=\"\"\/>            <\/a>\n    <\/div>\n<\/div>        <\/div>\n    <\/div>\n<\/section>\n<section class=\"section  text-normal section-text-no-shadow section-inner-no-shadow section-normal section-opaque\"  >\n    \n    <div class=\"background-overlay grid-overlay-0\" style=\"background-color: rgba(0,0,0,0);\"><\/div>\n\n    <div class=\"container container-vertical-default\">\n        <div class=\"row vertical-default\">\n            <div class=\"col-md-12     text-default small-screen-default\"  ><div class=\"divider-wrapper\" style=\"visibility:hidden;background-color:#FFFFFF\">\n    <div class=\"visible-xs\" style=\"height:24px;\"><\/div>\n    <div class=\"visible-sm\" style=\"height:60px;\"><\/div>\n    <div class=\"visible-md\" style=\"height:80px;\"><\/div>\n    <div class=\"visible-lg\" style=\"height:100px;\"><\/div>\n<\/div><\/div>        <\/div>\n    <\/div>\n<\/section>","protected":false},"excerpt":{"rendered":"Docencia EIO + FBEO La docencia es un apartado que considero esencial en el desarrollo personal como oste\u00f3pata.\u00a0 Durante a\u00f1os fui docente en Metodolog\u00eda Osteop\u00e1tica en la Escuela Internacional de Osteopat\u00eda de Bilbao. Desgraciadamente, dicha escuela decidi\u00f3 no continuar impartiendo docencia al considerar que los programas acad\u00e9micos inferiores a los cinco a\u00f1os (como los que","protected":false},"author":1,"featured_media":0,"parent":0,"menu_order":0,"comment_status":"closed","ping_status":"closed","template":"","meta":{"footnotes":""},"class_list":["post-261","page","type-page","status-publish","hentry"],"_links":{"self":[{"href":"https:\/\/jordizaragoza.com\/ca\/wp-json\/wp\/v2\/pages\/261","targetHints":{"allow":["GET"]}}],"collection":[{"href":"https:\/\/jordizaragoza.com\/ca\/wp-json\/wp\/v2\/pages"}],"about":[{"href":"https:\/\/jordizaragoza.com\/ca\/wp-json\/wp\/v2\/types\/page"}],"author":[{"embeddable":true,"href":"https:\/\/jordizaragoza.com\/ca\/wp-json\/wp\/v2\/users\/1"}],"replies":[{"embeddable":true,"href":"https:\/\/jordizaragoza.com\/ca\/wp-json\/wp\/v2\/comments?post=261"}],"version-history":[{"count":12,"href":"https:\/\/jordizaragoza.com\/ca\/wp-json\/wp\/v2\/pages\/261\/revisions"}],"predecessor-version":[{"id":861,"href":"https:\/\/jordizaragoza.com\/ca\/wp-json\/wp\/v2\/pages\/261\/revisions\/861"}],"wp:attachment":[{"href":"https:\/\/jordizaragoza.com\/ca\/wp-json\/wp\/v2\/media?parent=261"}],"curies":[{"name":"wp","href":"https:\/\/api.w.org\/{rel}","templated":true}]}}