{"id":266,"date":"2022-03-02T20:16:24","date_gmt":"2022-03-02T20:16:24","guid":{"rendered":"http:\/\/jordizaragoza.com\/?page_id=266"},"modified":"2022-04-04T16:20:38","modified_gmt":"2022-04-04T16:20:38","slug":"cursos-y-conferencias","status":"publish","type":"page","link":"https:\/\/jordizaragoza.com\/ca\/cursos-y-conferencias\/","title":{"rendered":"Cursos i confer\u00e8ncies"},"content":{"rendered":"<section class=\"section  text-normal section-text-no-shadow section-inner-no-shadow section-normal section-opaque\"  >\n            <div class=\"background-media\" style=\"background-image: url(&#039;https:\/\/jordizaragoza.com\/wp-content\/uploads\/2022\/02\/header00.jpg&#039;); background-repeat:no-repeat; background-size:cover; background-attachment:fixed; background-position: 50% 70%;\" >\n                    <\/div>\n    \n    <div class=\"background-overlay grid-overlay-0\" style=\"background-color: rgba(49,204,224,1);\"><\/div>\n\n    <div class=\"container container-vertical-bottom\">\n        <div class=\"row vertical-bottom\">\n            <div class=\"col-md-12     text-center small-screen-default\"  ><div class=\"divider-wrapper\" style=\"visibility:hidden;background-color:#ffffff\">\n    <div class=\"visible-xs\" style=\"height:30px;\"><\/div>\n    <div class=\"visible-sm\" style=\"height:40px;\"><\/div>\n    <div class=\"visible-md\" style=\"height:50px;\"><\/div>\n    <div class=\"visible-lg\" style=\"height:50px;\"><\/div>\n<\/div><h2 class=\"text-center size_header element-top-20 element-bottom-20 text-light normal default\" data-os-animation=\"none\" data-os-animation-delay=\"0s\" >\n    Cursos i confer\u00e8ncies<\/h2><div class=\"divider-wrapper\" style=\"visibility:hidden;background-color:#ffffff\">\n    <div class=\"visible-xs\" style=\"height:30px;\"><\/div>\n    <div class=\"visible-sm\" style=\"height:40px;\"><\/div>\n    <div class=\"visible-md\" style=\"height:50px;\"><\/div>\n    <div class=\"visible-lg\" style=\"height:50px;\"><\/div>\n<\/div><\/div>        <\/div>\n    <\/div>\n<\/section>\n<section class=\"section  text-normal section-text-no-shadow section-inner-no-shadow section-normal section-opaque\"  >\n    \n    <div class=\"background-overlay grid-overlay-0\" style=\"background-color: rgba(0,0,0,0);\"><\/div>\n\n    <div class=\"container container-vertical-default\">\n        <div class=\"row vertical-default\">\n            <div class=\"col-md-12     text-default small-screen-default\"  ><div class=\"divider-wrapper\" style=\"visibility:hidden;background-color:#ffffff\">\n    <div class=\"visible-xs\" style=\"height:30px;\"><\/div>\n    <div class=\"visible-sm\" style=\"height:40px;\"><\/div>\n    <div class=\"visible-md\" style=\"height:50px;\"><\/div>\n    <div class=\"visible-lg\" style=\"height:50px;\"><\/div>\n<\/div><\/div>        <\/div>\n    <\/div>\n<\/section>\n<section class=\"section  text-normal section-text-no-shadow section-inner-no-shadow section-normal section-opaque\"  >\n    \n    <div class=\"background-overlay grid-overlay-0\" style=\"background-color: rgba(0,0,0,0);\"><\/div>\n\n    <div class=\"container container-vertical-default\">\n        <div class=\"row vertical-default\">\n            <div class=\"col-md-4     text-center small-screen-default\"  ><div class=\"figure element-top-20 element-bottom-10 image-effect-zoom-in\" data-os-animation=\"none\" data-os-animation-delay=\"0s\">\n            <a href=\"https:\/\/jordizaragoza.com\/wp-content\/uploads\/2022\/03\/Screen-Shot-2022-03-06-at-19.38.19-e1646591961677.png\" class=\"figure-image magnific\" target=\"_self\">\n        <img loading=\"lazy\" decoding=\"async\" src=\"https:\/\/jordizaragoza.com\/wp-content\/uploads\/2022\/03\/Screen-Shot-2022-03-06-at-19.38.19-e1646591961677-400x400.png\" width=\"400\" height=\"400\" alt=\"\"\/>            <\/a>\n    <\/div>\n<p class=\"lead text-center center  text-normal element-top-10 element-bottom-20\" data-os-animation=\"none\" data-os-animation-delay=\"0s\">Ponent a expo masaje. Congr\u00e9s de ter\u00e0pies manuals. La propiocepci\u00f3 en la pr\u00e0ctica cl\u00ednica. Madrid, mar\u00e7 2011.<\/p><\/div><div class=\"col-md-4     text-center small-screen-default\"  ><div class=\"figure element-top-20 element-bottom-10 image-effect-zoom-in\" data-os-animation=\"none\" data-os-animation-delay=\"0s\">\n            <a href=\"https:\/\/jordizaragoza.com\/wp-content\/uploads\/2022\/03\/Screen-Shot-2022-03-06-at-19.31.20.png\" class=\"figure-image magnific\" target=\"_self\">\n        <img loading=\"lazy\" decoding=\"async\" src=\"https:\/\/jordizaragoza.com\/wp-content\/uploads\/2022\/03\/Screen-Shot-2022-03-06-at-19.31.20-400x400.png\" width=\"400\" height=\"400\" alt=\"\"\/>            <\/a>\n    <\/div>\n<p class=\"lead text-center center  text-normal element-top-10 element-bottom-20\" data-os-animation=\"none\" data-os-animation-delay=\"0s\">Aportaci\u00f3 de les medicines no convencionals en la dona embarassada i el recent nascut. Organitzades pel Col\u00b7legi Oficial d\u2019Infermeria de Val\u00e8ncia 2012, 2013 i 2014.<\/p><\/div><div class=\"col-md-4     text-center small-screen-default\"  ><div class=\"figure element-top-20 element-bottom-10 image-effect-zoom-in\" data-os-animation=\"none\" data-os-animation-delay=\"0s\">\n            <a href=\"https:\/\/jordizaragoza.com\/wp-content\/uploads\/2022\/03\/psicologia-del-deporte.jpg\" class=\"figure-image magnific\" target=\"_self\">\n        <img loading=\"lazy\" decoding=\"async\" src=\"https:\/\/jordizaragoza.com\/wp-content\/uploads\/2022\/03\/psicologia-del-deporte-400x400.jpg\" width=\"400\" height=\"400\" alt=\"\"\/>            <\/a>\n    <\/div>\n<p class=\"lead text-center center  text-normal element-top-10 element-bottom-20\" data-os-animation=\"none\" data-os-animation-delay=\"0s\">I Jornades de Psicologia, Esport i Valors. Organitzades pel Col\u00b7legi Oficial de Psicologia de la Comunitat Valenciana. 2014.<\/p><\/div>        <\/div>\n    <\/div>\n<\/section>\n<section class=\"section  text-normal section-text-no-shadow section-inner-no-shadow section-normal section-opaque\"  >\n    \n    <div class=\"background-overlay grid-overlay-0\" style=\"background-color: rgba(0,0,0,0);\"><\/div>\n\n    <div class=\"container container-vertical-default\">\n        <div class=\"row vertical-default\">\n            <div class=\"col-md-4     text-center small-screen-default\"  ><div class=\"figure element-top-20 element-bottom-10 image-effect-zoom-in\" data-os-animation=\"none\" data-os-animation-delay=\"0s\">\n            <a href=\"https:\/\/jordizaragoza.com\/wp-content\/uploads\/2022\/03\/2012-12-16-02.58.40-2.jpg\" class=\"figure-image magnific\" target=\"_self\">\n        <img loading=\"lazy\" decoding=\"async\" src=\"https:\/\/jordizaragoza.com\/wp-content\/uploads\/2022\/03\/2012-12-16-02.58.40-2-400x400.jpg\" width=\"400\" height=\"400\" alt=\"\"\/>            <\/a>\n    <\/div>\n<p class=\"lead text-center center  text-normal element-top-10 element-bottom-20\" data-os-animation=\"none\" data-os-animation-delay=\"0s\">Ponent en les jornades de portes obertes de la E.I.O durant els cursos acad\u00e8mics, 2013, 2014 i 2015.<\/p><\/div><div class=\"col-md-4     text-center small-screen-default\"  ><div class=\"figure element-top-20 element-bottom-10 image-effect-zoom-in\" data-os-animation=\"none\" data-os-animation-delay=\"0s\">\n            <a href=\"https:\/\/jordizaragoza.com\/wp-content\/uploads\/2022\/03\/744f19a7-88d1-4868-b7e6-d7aa0b466bee-2.jpg\" class=\"figure-image magnific\" target=\"_self\">\n        <img loading=\"lazy\" decoding=\"async\" src=\"https:\/\/jordizaragoza.com\/wp-content\/uploads\/2022\/03\/744f19a7-88d1-4868-b7e6-d7aa0b466bee-2-400x400.jpg\" width=\"400\" height=\"400\" alt=\"\"\/>            <\/a>\n    <\/div>\n<p class=\"lead text-center center  text-normal element-top-10 element-bottom-20\" data-os-animation=\"none\" data-os-animation-delay=\"0s\">Ponent en les jornades - assemblea de la ROE 2015.<\/p><\/div><div class=\"col-md-4     text-center small-screen-default\"  ><div class=\"figure element-top-20 element-bottom-10 image-effect-zoom-in\" data-os-animation=\"none\" data-os-animation-delay=\"0s\">\n            <a href=\"https:\/\/jordizaragoza.com\/wp-content\/uploads\/2022\/03\/osteosummit-1.jpg\" class=\"figure-image magnific\" target=\"_self\">\n        <img loading=\"lazy\" decoding=\"async\" src=\"https:\/\/jordizaragoza.com\/wp-content\/uploads\/2022\/03\/osteosummit-1-400x400.jpg\" width=\"400\" height=\"400\" alt=\"\"\/>            <\/a>\n    <\/div>\n<p class=\"lead text-center center  text-normal element-top-10 element-bottom-20\" data-os-animation=\"none\" data-os-animation-delay=\"0s\">Ponent a OsteoSummit 2020. Congr\u00e9s Internacional d\u2019Osteopatia. Adaptaci\u00f3 fisiol\u00f2gica a la hip\u00f2xia i entrenament en al\u00e7ada. Juny 2020.<\/p><\/div>        <\/div>\n    <\/div>\n<\/section>\n<section class=\"section  text-normal section-text-no-shadow section-inner-no-shadow section-normal section-opaque\"  >\n    \n    <div class=\"background-overlay grid-overlay-0\" style=\"background-color: rgba(0,0,0,0);\"><\/div>\n\n    <div class=\"container container-vertical-default\">\n        <div class=\"row vertical-default\">\n            <div class=\"col-md-12     text-default small-screen-default\"  ><div class=\"divider-wrapper\" style=\"visibility:hidden;background-color:#ffffff\">\n    <div class=\"visible-xs\" style=\"height:30px;\"><\/div>\n    <div class=\"visible-sm\" style=\"height:40px;\"><\/div>\n    <div class=\"visible-md\" style=\"height:50px;\"><\/div>\n    <div class=\"visible-lg\" style=\"height:50px;\"><\/div>\n<\/div><\/div>        <\/div>\n    <\/div>\n<\/section>","protected":false},"excerpt":{"rendered":"Cursos y conferencias Ponente en Expo Masaje. Congreso terapias manuales. La propiocepci\u00f3n en la pr\u00e1ctica cl\u00ednica. Madrid, marzo 2011. Aportaci\u00f3n de las medicinas no convencionales a la mujer embarazada y el reci\u00e9n nacido. Organizadas por el Colegio Oficial de Enfermer\u00eda de Valencia, 2012, 2013 y 2014. I Jornadas de Psicolog\u00eda, deporte y valores. Organizadas por","protected":false},"author":1,"featured_media":0,"parent":0,"menu_order":0,"comment_status":"closed","ping_status":"closed","template":"","meta":{"footnotes":""},"class_list":["post-266","page","type-page","status-publish","hentry"],"_links":{"self":[{"href":"https:\/\/jordizaragoza.com\/ca\/wp-json\/wp\/v2\/pages\/266","targetHints":{"allow":["GET"]}}],"collection":[{"href":"https:\/\/jordizaragoza.com\/ca\/wp-json\/wp\/v2\/pages"}],"about":[{"href":"https:\/\/jordizaragoza.com\/ca\/wp-json\/wp\/v2\/types\/page"}],"author":[{"embeddable":true,"href":"https:\/\/jordizaragoza.com\/ca\/wp-json\/wp\/v2\/users\/1"}],"replies":[{"embeddable":true,"href":"https:\/\/jordizaragoza.com\/ca\/wp-json\/wp\/v2\/comments?post=266"}],"version-history":[{"count":24,"href":"https:\/\/jordizaragoza.com\/ca\/wp-json\/wp\/v2\/pages\/266\/revisions"}],"predecessor-version":[{"id":843,"href":"https:\/\/jordizaragoza.com\/ca\/wp-json\/wp\/v2\/pages\/266\/revisions\/843"}],"wp:attachment":[{"href":"https:\/\/jordizaragoza.com\/ca\/wp-json\/wp\/v2\/media?parent=266"}],"curies":[{"name":"wp","href":"https:\/\/api.w.org\/{rel}","templated":true}]}}