{"id":282,"date":"2022-03-02T20:51:47","date_gmt":"2022-03-02T20:51:47","guid":{"rendered":"http:\/\/jordizaragoza.com\/?page_id=282"},"modified":"2022-04-04T16:46:24","modified_gmt":"2022-04-04T16:46:24","slug":"asociaciones","status":"publish","type":"page","link":"https:\/\/jordizaragoza.com\/ca\/asociaciones\/","title":{"rendered":"Associacions"},"content":{"rendered":"<section class=\"section  text-normal section-text-no-shadow section-inner-no-shadow section-normal section-opaque\"  >\n            <div class=\"background-media\" style=\"background-image: url(&#039;https:\/\/jordizaragoza.com\/wp-content\/uploads\/2022\/02\/header00.jpg&#039;); background-repeat:no-repeat; background-size:cover; background-attachment:fixed; background-position: 50% 70%;\" >\n                    <\/div>\n    \n    <div class=\"background-overlay grid-overlay-0\" style=\"background-color: rgba(49,204,224,1);\"><\/div>\n\n    <div class=\"container container-vertical-bottom\">\n        <div class=\"row vertical-bottom\">\n            <div class=\"col-md-12     text-center small-screen-default\"  ><div class=\"divider-wrapper\" style=\"visibility:hidden;background-color:#ffffff\">\n    <div class=\"visible-xs\" style=\"height:30px;\"><\/div>\n    <div class=\"visible-sm\" style=\"height:40px;\"><\/div>\n    <div class=\"visible-md\" style=\"height:50px;\"><\/div>\n    <div class=\"visible-lg\" style=\"height:50px;\"><\/div>\n<\/div><h2 class=\"text-center size_header element-top-20 element-bottom-20 text-light normal default\" data-os-animation=\"none\" data-os-animation-delay=\"0s\" >\n    Associacions d\u2019osteopatia<\/h2><div class=\"divider-wrapper\" style=\"visibility:hidden;background-color:#ffffff\">\n    <div class=\"visible-xs\" style=\"height:30px;\"><\/div>\n    <div class=\"visible-sm\" style=\"height:40px;\"><\/div>\n    <div class=\"visible-md\" style=\"height:50px;\"><\/div>\n    <div class=\"visible-lg\" style=\"height:50px;\"><\/div>\n<\/div><\/div>        <\/div>\n    <\/div>\n<\/section>\n<section class=\"section  text-normal section-text-no-shadow section-inner-no-shadow section-normal section-opaque\"  >\n    \n    <div class=\"background-overlay grid-overlay-0\" style=\"background-color: rgba(0,0,0,0);\"><\/div>\n\n    <div class=\"container container-vertical-default\">\n        <div class=\"row vertical-default\">\n            <div class=\"col-md-12     text-default small-screen-default\"  ><div class=\"divider-wrapper\" style=\"visibility:hidden;background-color:#FFFFFF\">\n    <div class=\"visible-xs\" style=\"height:24px;\"><\/div>\n    <div class=\"visible-sm\" style=\"height:24px;\"><\/div>\n    <div class=\"visible-md\" style=\"height:24px;\"><\/div>\n    <div class=\"visible-lg\" style=\"height:24px;\"><\/div>\n<\/div><div class=\"col-text-1 text-normal  element-top-20 element-bottom-20\" data-os-animation=\"none\" data-os-animation-delay=\"0s\">\n    <p><span style=\"font-weight: 400;\">La identitat com a professional sempre ha tingut, en el meu cas, una pres\u00e8ncia activa en el moviment associatiu de diferents col\u00b7lectius relacionats amb l\u2019osteopatia.<\/span><\/p>\n<p><span style=\"font-weight: 400;\">Actualment, soc president de la <\/span><a href=\"https:\/\/semo-osteopatia.org\/\"><b>SEMO<\/b><\/a><span style=\"font-weight: 400;\"> (Sociedad Europea de Medicina Osteop\u00e1tica), membre de l\u2019Associaci\u00f3 de Professionals de l\u2019Osteopatia <\/span><a href=\"https:\/\/apreo.es\/\"><b>APREO<\/b><\/a><span style=\"font-weight: 400;\"> (n\u00fam. soci 10113), associaci\u00f3 de la qual tamb\u00e9 he sigut secretari i membre de la junta durant molts anys;  i membre del Registre d\u2019Oste\u00f2pates d\u2019Espanya <\/span><a href=\"https:\/\/www.osteopatas.org\/\"><b>ROE<\/b><\/a><span style=\"font-weight: 400;\"> (n\u00fam. soci 566). Tamb\u00e9 he format part de la Junta Directiva de la Federaci\u00f3 d\u2019Oste\u00f2pates d\u2019Espanya (<\/span><a href=\"http:\/\/federacionosteopatas.es\/\"><b>FOE<\/b><\/a><span style=\"font-weight: 400;\">), membre del European Federaci\u00f3n &amp; Forum for Osteopathy (<\/span><a href=\"https:\/\/www.effo.eu\/\"><b>EFFO<\/b><\/a><span style=\"font-weight: 400;\">) i membre del comit\u00e8 d\u2019experts <\/span><a href=\"http:\/\/\u200b\u200bhttps:\/\/www.aenor.com\/\"><b>AENOR<\/b><\/a><span style=\"font-weight: 400;\"> en la revisi\u00f3 de la norma europea EN 16686:2015 sobre \u201cPrestaci\u00f3 d\u2019assist\u00e8ncia sanit\u00e0ria en osteopatia\u201d.<\/span><\/p>\n<\/div>\n<\/div>        <\/div>\n    <\/div>\n<\/section>\n<section class=\"section  text-normal section-text-no-shadow section-inner-no-shadow section-normal section-opaque\"  >\n    \n    <div class=\"background-overlay grid-overlay-0\" style=\"background-color: rgba(0,0,0,0);\"><\/div>\n\n    <div class=\"container container-vertical-default\">\n        <div class=\"row vertical-default\">\n            <div class=\"col-md-3     text-center small-screen-default\"  ><div class=\"figure element-top-20 element-bottom-10 image-effect-zoom-in\" data-os-animation=\"none\" data-os-animation-delay=\"0s\">\n            <a href=\"https:\/\/jordizaragoza.com\/wp-content\/uploads\/2022\/03\/32c2052f-4d33-4724-be0c-bb84cfe6ca78.jpg\" class=\"figure-image magnific\" target=\"_self\">\n        <img loading=\"lazy\" decoding=\"async\" src=\"https:\/\/jordizaragoza.com\/wp-content\/uploads\/2022\/03\/32c2052f-4d33-4724-be0c-bb84cfe6ca78-400x400.jpg\" width=\"400\" height=\"400\" alt=\"\"\/>            <\/a>\n    <\/div>\n<\/div><div class=\"col-md-3     text-center small-screen-default\"  ><div class=\"figure element-top-20 element-bottom-10 image-effect-zoom-in\" data-os-animation=\"none\" data-os-animation-delay=\"0s\">\n            <a href=\"https:\/\/jordizaragoza.com\/wp-content\/uploads\/2022\/03\/94587118-22ba-4bc4-90fb-509be354a561.jpg\" class=\"figure-image magnific\" target=\"_self\">\n        <img loading=\"lazy\" decoding=\"async\" src=\"https:\/\/jordizaragoza.com\/wp-content\/uploads\/2022\/03\/94587118-22ba-4bc4-90fb-509be354a561-400x400.jpg\" width=\"400\" height=\"400\" alt=\"\"\/>            <\/a>\n    <\/div>\n<\/div><div class=\"col-md-3     text-default small-screen-default\"  ><div class=\"figure element-top-20 element-bottom-10 image-effect-zoom-in\" data-os-animation=\"none\" data-os-animation-delay=\"0s\">\n            <a href=\"https:\/\/jordizaragoza.com\/wp-content\/uploads\/2022\/03\/30b13bbd-4f8f-4c75-9210-6ea190d69135.jpg\" class=\"figure-image magnific\" target=\"_self\">\n        <img loading=\"lazy\" decoding=\"async\" src=\"https:\/\/jordizaragoza.com\/wp-content\/uploads\/2022\/03\/30b13bbd-4f8f-4c75-9210-6ea190d69135-400x400.jpg\" width=\"400\" height=\"400\" alt=\"\"\/>            <\/a>\n    <\/div>\n<\/div><div class=\"col-md-3     text-default small-screen-default\"  ><div class=\"figure element-top-20 element-bottom-10 image-effect-zoom-in\" data-os-animation=\"none\" data-os-animation-delay=\"0s\">\n            <a href=\"https:\/\/jordizaragoza.com\/wp-content\/uploads\/2022\/03\/IMG_4584.jpg\" class=\"figure-image magnific\" target=\"_self\">\n        <img loading=\"lazy\" decoding=\"async\" src=\"https:\/\/jordizaragoza.com\/wp-content\/uploads\/2022\/03\/IMG_4584-400x400.jpg\" width=\"400\" height=\"400\" alt=\"\"\/>            <\/a>\n    <\/div>\n<\/div>        <\/div>\n    <\/div>\n<\/section>\n<section class=\"section  text-normal section-text-no-shadow section-inner-no-shadow section-normal section-opaque\"  >\n    \n    <div class=\"background-overlay grid-overlay-0\" style=\"background-color: rgba(0,0,0,0);\"><\/div>\n\n    <div class=\"container container-vertical-default\">\n        <div class=\"row vertical-default\">\n            <div class=\"col-md-12     text-default small-screen-default\"  ><div class=\"divider-wrapper\" style=\"visibility:hidden;background-color:#FFFFFF\">\n    <div class=\"visible-xs\" style=\"height:30px;\"><\/div>\n    <div class=\"visible-sm\" style=\"height:60px;\"><\/div>\n    <div class=\"visible-md\" style=\"height:60px;\"><\/div>\n    <div class=\"visible-lg\" style=\"height:60px;\"><\/div>\n<\/div><\/div>        <\/div>\n    <\/div>\n<\/section>","protected":false},"excerpt":{"rendered":"Asociaciones de osteopat\u00eda En mi caso, la identidad como profesional siempre ha implicado una presencia activa en el movimiento asociativo de diferentes colectivos relacionados con la osteopat\u00eda. En la actualidad, como presidente de la SEMO (Sociedad Europea de Medicina Osteop\u00e1tica); miembro de la Asociaci\u00f3n de Profesionales de Osteopat\u00eda APREO (n\u00fam. socio 10113), asociaci\u00f3n de la","protected":false},"author":1,"featured_media":0,"parent":0,"menu_order":0,"comment_status":"closed","ping_status":"closed","template":"","meta":{"footnotes":""},"class_list":["post-282","page","type-page","status-publish","hentry"],"_links":{"self":[{"href":"https:\/\/jordizaragoza.com\/ca\/wp-json\/wp\/v2\/pages\/282","targetHints":{"allow":["GET"]}}],"collection":[{"href":"https:\/\/jordizaragoza.com\/ca\/wp-json\/wp\/v2\/pages"}],"about":[{"href":"https:\/\/jordizaragoza.com\/ca\/wp-json\/wp\/v2\/types\/page"}],"author":[{"embeddable":true,"href":"https:\/\/jordizaragoza.com\/ca\/wp-json\/wp\/v2\/users\/1"}],"replies":[{"embeddable":true,"href":"https:\/\/jordizaragoza.com\/ca\/wp-json\/wp\/v2\/comments?post=282"}],"version-history":[{"count":17,"href":"https:\/\/jordizaragoza.com\/ca\/wp-json\/wp\/v2\/pages\/282\/revisions"}],"predecessor-version":[{"id":851,"href":"https:\/\/jordizaragoza.com\/ca\/wp-json\/wp\/v2\/pages\/282\/revisions\/851"}],"wp:attachment":[{"href":"https:\/\/jordizaragoza.com\/ca\/wp-json\/wp\/v2\/media?parent=282"}],"curies":[{"name":"wp","href":"https:\/\/api.w.org\/{rel}","templated":true}]}}