{"id":636,"date":"2022-03-22T20:26:20","date_gmt":"2022-03-22T20:26:20","guid":{"rendered":"http:\/\/jordizaragoza.com\/?page_id=636"},"modified":"2022-05-06T19:54:24","modified_gmt":"2022-05-06T19:54:24","slug":"alto-rendimiento","status":"publish","type":"page","link":"https:\/\/jordizaragoza.com\/ca\/alto-rendimiento\/","title":{"rendered":"Alt rendiment"},"content":{"rendered":"<section class=\"section  text-normal section-text-no-shadow section-inner-no-shadow section-normal section-opaque\"  >\n            <div class=\"background-media\" style=\"background-image: url(&#039;https:\/\/jordizaragoza.com\/wp-content\/uploads\/2022\/02\/header00.jpg&#039;); background-repeat:no-repeat; background-size:cover; background-attachment:fixed; background-position: 50% 70%;\" >\n                    <\/div>\n    \n    <div class=\"background-overlay grid-overlay-0 \" style=\"background-color: rgba(49,204,224,1);\"><\/div>\n\n    <div class=\"container container-vertical-bottom\">\n        <div class=\"row vertical-bottom\">\n            <div class=\"col-md-12     text-center small-screen-default\"  ><div class=\"divider-wrapper \" style=\"visibility:hidden;background-color:#ffffff\">\n    <div class=\"visible-xs\" style=\"height:30px;\"><\/div>\n    <div class=\"visible-sm\" style=\"height:40px;\"><\/div>\n    <div class=\"visible-md\" style=\"height:50px;\"><\/div>\n    <div class=\"visible-lg\" style=\"height:50px;\"><\/div>\n<\/div><h2 class=\"text-center size_header element-top-20 element-bottom-20 text-light normal default\" data-os-animation=\"none\" data-os-animation-delay=\"0s\" >\n    Alto rendimiento<\/h2><div class=\"divider-wrapper \" style=\"visibility:hidden;background-color:#ffffff\">\n    <div class=\"visible-xs\" style=\"height:30px;\"><\/div>\n    <div class=\"visible-sm\" style=\"height:40px;\"><\/div>\n    <div class=\"visible-md\" style=\"height:50px;\"><\/div>\n    <div class=\"visible-lg\" style=\"height:50px;\"><\/div>\n<\/div><\/div>        <\/div>\n    <\/div>\n<\/section>\n<section class=\"section  text-normal section-text-no-shadow section-inner-no-shadow section-normal section-opaque\"  >\n    \n    <div class=\"background-overlay grid-overlay-0 \" style=\"background-color: rgba(0,0,0,0);\"><\/div>\n\n    <div class=\"container container-vertical-default\">\n        <div class=\"row vertical-default\">\n            <div class=\"col-md-12     text-default small-screen-default\"  ><div class=\"divider-wrapper \" style=\"visibility:hidden;background-color:#FFFFFF\">\n    <div class=\"visible-xs\" style=\"height:24px;\"><\/div>\n    <div class=\"visible-sm\" style=\"height:24px;\"><\/div>\n    <div class=\"visible-md\" style=\"height:24px;\"><\/div>\n    <div class=\"visible-lg\" style=\"height:24px;\"><\/div>\n<\/div><h2 class=\"text-center size_header element-top-20 element-bottom-20 text-normal normal default\" data-os-animation=\"none\" data-os-animation-delay=\"0s\" >\n    Asistencia a deportistas<\/h2><div class=\"divider-border  divider-border-center element-top-20 element-bottom-20\" data-os-animation=\"none\" data-os-animation-delay=\"0s\" >\n    <div class=\"divider-border-inner\"  style=\"background:#75c4d8; \"><\/div>\n<\/div><div class=\"col-text-1 text-normal  element-top-20 element-bottom-20\" data-os-animation=\"none\" data-os-animation-delay=\"0s\">\n    <p><span style=\"font-weight: 400;\">Pasi\u00f3n por el deporte. El motor de mi trabajo ha sido el alto rendimiento deportivo, la asistencia como oste\u00f3pata en competici\u00f3n y el trabajo diario en consulta con deportistas. Adem\u00e1s, la intenci\u00f3n en mis trabajos de investigaci\u00f3n siempre ha girado alrededor de la competici\u00f3n.<\/span><\/p>\n<p><span style=\"font-weight: 400;\">A d\u00eda de hoy, el nivel de tecnificaci\u00f3n y profesionalidad en el mundo del deporte exigen el cuidado de cada peque\u00f1o detalle que puede ser la clave del \u00e9xito. La aportaci\u00f3n desde la filosof\u00eda de la osteopat\u00eda resulta indispensable para un deportista que busque la excelencia en la pr\u00e1ctica deportiva.<\/span><\/p>\n<p><span style=\"font-weight: 400;\">Han sido muchos los retos deportivos en los que he tenido el placer de participar tanto como preparador f\u00edsico como oste\u00f3pata, asistiendo en competiciones como: los nacionales espa\u00f1ol e ingl\u00e9s, europeo y mundial de motocross, balonmano en la primera divisi\u00f3n nacional, 10 participaciones en el Dakar e innumerables citas internacionales del mundo del motor, enduro, raids, velocidad y coches. As\u00ed como poder vivir el mundo del tenis al m\u00e1s alto nivel como asistente de Roberto Bautista. Adem\u00e1s del trabajo de asistencia cl\u00ednica a deportistas de primer nivel en el d\u00eda a d\u00eda de mi consulta.<\/span><\/p>\n<\/div>\n<\/div>        <\/div>\n    <\/div>\n<\/section>\n<section class=\"section  text-normal section-text-no-shadow section-inner-no-shadow section-normal section-opaque\"  >\n    \n    <div class=\"background-overlay grid-overlay-0 \" style=\"background-color: rgba(0,0,0,0);\"><\/div>\n\n    <div class=\"container container-vertical-default\">\n        <div class=\"row vertical-default\">\n            <div class=\"col-md-12     text-default small-screen-default\"  >\r\n        <style>\r\n        \t.unique-carousel-359 .owl-next, .unique-carousel-359 .owl-prev{\r\n        \t\tbackground: #ffffff  !important;\r\n        \t\tcolor: #31cce0 !important;\r\n        \t}\r\n\r\n        \t.unique-carousel-359.owl-theme .owl-dots .owl-dot.active span, .unique-carousel-359.owl-theme .owl-dots .owl-dot:hover span{\r\n        \t\tbackground: #31cce0 !important;\r\n        \t}\r\n\r\n        \t.owl-next, .owl-prev{\r\n        \t\ttop: 40%;\r\n        \t}\r\n        <\/style>\r\n        <div class=\"wdo-carosuel-container unique-carousel-359 owl-carousel owl-theme\">\r\n        \t\t\t\t\r\n\t\t<div class=\"item\">\r\n\t\t\t<div class=\"figure element-top-20 element-bottom-20  \" data-os-animation=\"none\" data-os-animation-delay=\"0s\">\n            <a href=\"https:\/\/jordizaragoza.com\/wp-content\/uploads\/2022\/03\/2014-09-29-20.36.03.jpg\" class=\"figure-image magnific\" target=\"_self\">\n        <img loading=\"lazy\" decoding=\"async\" src=\"https:\/\/jordizaragoza.com\/wp-content\/uploads\/2022\/03\/2014-09-29-20.36.03-400x200.jpg\" width=\"400\" height=\"200\" alt=\"\"\/>            <\/a>\n    <\/div>\n\t\t<\/div>\r\n\r\n\t\t\t\t\t\r\n\t\t<div class=\"item\">\r\n\t\t\t<div class=\"figure element-top-20 element-bottom-20  \" data-os-animation=\"none\" data-os-animation-delay=\"0s\">\n            <a href=\"https:\/\/jordizaragoza.com\/wp-content\/uploads\/2022\/03\/2014-05-27-12.18.30-805x503-1.jpg\" class=\"figure-image magnific\" target=\"_self\">\n        <img loading=\"lazy\" decoding=\"async\" src=\"https:\/\/jordizaragoza.com\/wp-content\/uploads\/2022\/03\/2014-05-27-12.18.30-805x503-1-400x200.jpg\" width=\"400\" height=\"200\" alt=\"\"\/>            <\/a>\n    <\/div>\n\t\t<\/div>\r\n\r\n\t\t\t\t\t\r\n\t\t<div class=\"item\">\r\n\t\t\t<div class=\"figure element-top-20 element-bottom-20  \" data-os-animation=\"none\" data-os-animation-delay=\"0s\">\n            <a href=\"https:\/\/jordizaragoza.com\/wp-content\/uploads\/2022\/03\/2014-05-27-12.31.11-2.jpg\" class=\"figure-image magnific\" target=\"_self\">\n        <img loading=\"lazy\" decoding=\"async\" src=\"https:\/\/jordizaragoza.com\/wp-content\/uploads\/2022\/03\/2014-05-27-12.31.11-2-400x200.jpg\" width=\"400\" height=\"200\" alt=\"\"\/>            <\/a>\n    <\/div>\n\t\t<\/div>\r\n\r\n\t\t\t\t\t\r\n\t\t<div class=\"item\">\r\n\t\t\t<div class=\"figure element-top-20 element-bottom-20  \" data-os-animation=\"none\" data-os-animation-delay=\"0s\">\n            <a href=\"https:\/\/jordizaragoza.com\/wp-content\/uploads\/2022\/03\/10.2-805x503-1.jpg\" class=\"figure-image magnific\" target=\"_self\">\n        <img loading=\"lazy\" decoding=\"async\" src=\"https:\/\/jordizaragoza.com\/wp-content\/uploads\/2022\/03\/10.2-805x503-1-400x200.jpg\" width=\"400\" height=\"200\" alt=\"\"\/>            <\/a>\n    <\/div>\n\t\t<\/div>\r\n\r\n\t\t\t\t\t\r\n\t\t<div class=\"item\">\r\n\t\t\t<div class=\"figure element-top-20 element-bottom-20  \" data-os-animation=\"none\" data-os-animation-delay=\"0s\">\n            <a href=\"https:\/\/jordizaragoza.com\/wp-content\/uploads\/2022\/03\/9.25-scaled.jpg\" class=\"figure-image magnific\" target=\"_self\">\n        <img loading=\"lazy\" decoding=\"async\" src=\"https:\/\/jordizaragoza.com\/wp-content\/uploads\/2022\/03\/9.25-scaled-400x200.jpg\" width=\"400\" height=\"200\" alt=\"\"\/>            <\/a>\n    <\/div>\n\t\t<\/div>\r\n\r\n\t\t\t\t\t\r\n\t\t<div class=\"item\">\r\n\t\t\t<div class=\"figure element-top-20 element-bottom-20  \" data-os-animation=\"none\" data-os-animation-delay=\"0s\">\n            <a href=\"https:\/\/jordizaragoza.com\/wp-content\/uploads\/2022\/03\/2014-10-02-16.26.56-2-e1648151458442.jpg\" class=\"figure-image magnific\" target=\"_self\">\n        <img loading=\"lazy\" decoding=\"async\" src=\"https:\/\/jordizaragoza.com\/wp-content\/uploads\/2022\/03\/2014-10-02-16.26.56-2-e1648151458442-400x200.jpg\" width=\"400\" height=\"200\" alt=\"\"\/>            <\/a>\n    <\/div>\n\t\t<\/div>\r\n\r\n\t\t\t\t\t\r\n\t\t<div class=\"item\">\r\n\t\t\t<div class=\"figure element-top-20 element-bottom-20  \" data-os-animation=\"none\" data-os-animation-delay=\"0s\">\n            <a href=\"https:\/\/jordizaragoza.com\/wp-content\/uploads\/2022\/03\/2016-02-04-12.24.14-e1648151359767.jpg\" class=\"figure-image magnific\" target=\"_self\">\n        <img loading=\"lazy\" decoding=\"async\" src=\"https:\/\/jordizaragoza.com\/wp-content\/uploads\/2022\/03\/2016-02-04-12.24.14-e1648151359767-400x200.jpg\" width=\"400\" height=\"200\" alt=\"\"\/>            <\/a>\n    <\/div>\n\t\t<\/div>\r\n\r\n\t\t\t\t\t\r\n\t\t<div class=\"item\">\r\n\t\t\t<div class=\"figure element-top-20 element-bottom-20  \" data-os-animation=\"none\" data-os-animation-delay=\"0s\">\n            <a href=\"https:\/\/jordizaragoza.com\/wp-content\/uploads\/2022\/03\/2016-05-29-16.59.29-copia-scaled-e1648151329544.jpg\" class=\"figure-image magnific\" target=\"_self\">\n        <img loading=\"lazy\" decoding=\"async\" src=\"https:\/\/jordizaragoza.com\/wp-content\/uploads\/2022\/03\/2016-05-29-16.59.29-copia-scaled-e1648151329544-400x200.jpg\" width=\"400\" height=\"200\" alt=\"\"\/>            <\/a>\n    <\/div>\n\t\t<\/div>\r\n\r\n\t\t\t\t\t\r\n\t\t<div class=\"item\">\r\n\t\t\t<div class=\"figure element-top-20 element-bottom-20  \" data-os-animation=\"none\" data-os-animation-delay=\"0s\">\n            <a href=\"https:\/\/jordizaragoza.com\/wp-content\/uploads\/2022\/03\/2016-07-25-17.52.50.jpg\" class=\"figure-image magnific\" target=\"_self\">\n        <img loading=\"lazy\" decoding=\"async\" src=\"https:\/\/jordizaragoza.com\/wp-content\/uploads\/2022\/03\/2016-07-25-17.52.50-400x200.jpg\" width=\"400\" height=\"200\" alt=\"\"\/>            <\/a>\n    <\/div>\n\t\t<\/div>\r\n\r\n\t\t\t\t\t\r\n\t\t<div class=\"item\">\r\n\t\t\t<div class=\"figure element-top-20 element-bottom-20  \" data-os-animation=\"none\" data-os-animation-delay=\"0s\">\n            <a href=\"https:\/\/jordizaragoza.com\/wp-content\/uploads\/2022\/03\/2021-12-31-15.53.22-scaled.jpg\" class=\"figure-image magnific\" target=\"_self\">\n        <img loading=\"lazy\" decoding=\"async\" src=\"https:\/\/jordizaragoza.com\/wp-content\/uploads\/2022\/03\/2021-12-31-15.53.22-scaled-400x200.jpg\" width=\"400\" height=\"200\" alt=\"\"\/>            <\/a>\n    <\/div>\n\t\t<\/div>\r\n\r\n\t\t\t\t\t\r\n\t\t<div class=\"item\">\r\n\t\t\t<div class=\"figure element-top-20 element-bottom-20  \" data-os-animation=\"none\" data-os-animation-delay=\"0s\">\n            <a href=\"https:\/\/jordizaragoza.com\/wp-content\/uploads\/2022\/03\/dakar-15.jpg\" class=\"figure-image magnific\" target=\"_self\">\n        <img loading=\"lazy\" decoding=\"async\" src=\"https:\/\/jordizaragoza.com\/wp-content\/uploads\/2022\/03\/dakar-15-400x200.jpg\" width=\"400\" height=\"200\" alt=\"\"\/>            <\/a>\n    <\/div>\n\t\t<\/div>\r\n\r\n\t\t\t\t\t\r\n\t\t<div class=\"item\">\r\n\t\t\t<div class=\"figure element-top-20 element-bottom-20  \" data-os-animation=\"none\" data-os-animation-delay=\"0s\">\n            <a href=\"https:\/\/jordizaragoza.com\/wp-content\/uploads\/2022\/03\/dakar-16.jpg\" class=\"figure-image magnific\" target=\"_self\">\n        <img loading=\"lazy\" decoding=\"async\" src=\"https:\/\/jordizaragoza.com\/wp-content\/uploads\/2022\/03\/dakar-16-400x200.jpg\" width=\"400\" height=\"200\" alt=\"\"\/>            <\/a>\n    <\/div>\n\t\t<\/div>\r\n\r\n\t\t\t\t\t\r\n\t\t<div class=\"item\">\r\n\t\t\t<div class=\"figure element-top-20 element-bottom-20  \" data-os-animation=\"none\" data-os-animation-delay=\"0s\">\n            <a href=\"https:\/\/jordizaragoza.com\/wp-content\/uploads\/2022\/03\/dakar-17.jpg\" class=\"figure-image magnific\" target=\"_self\">\n        <img loading=\"lazy\" decoding=\"async\" src=\"https:\/\/jordizaragoza.com\/wp-content\/uploads\/2022\/03\/dakar-17-400x200.jpg\" width=\"400\" height=\"200\" alt=\"\"\/>            <\/a>\n    <\/div>\n\t\t<\/div>\r\n\r\n\t\t\t\t\t\r\n\t\t<div class=\"item\">\r\n\t\t\t<div class=\"figure element-top-20 element-bottom-20  \" data-os-animation=\"none\" data-os-animation-delay=\"0s\">\n            <a href=\"https:\/\/jordizaragoza.com\/wp-content\/uploads\/2022\/03\/IMG_0677-e1648151487322.jpg\" class=\"figure-image magnific\" target=\"_self\">\n        <img loading=\"lazy\" decoding=\"async\" src=\"https:\/\/jordizaragoza.com\/wp-content\/uploads\/2022\/03\/IMG_0677-e1648151487322-400x200.jpg\" width=\"400\" height=\"200\" alt=\"\"\/>            <\/a>\n    <\/div>\n\t\t<\/div>\r\n\r\n\t\t\t\t\t\r\n\t\t<div class=\"item\">\r\n\t\t\t<div class=\"figure element-top-20 element-bottom-20  \" data-os-animation=\"none\" data-os-animation-delay=\"0s\">\n            <a href=\"https:\/\/jordizaragoza.com\/wp-content\/uploads\/2022\/03\/IMG_8200-e1648151101863.jpg\" class=\"figure-image magnific\" target=\"_self\">\n        <img loading=\"lazy\" decoding=\"async\" src=\"https:\/\/jordizaragoza.com\/wp-content\/uploads\/2022\/03\/IMG_8200-e1648151101863-400x200.jpg\" width=\"400\" height=\"200\" alt=\"\"\/>            <\/a>\n    <\/div>\n\t\t<\/div>\r\n\r\n\t\t\t\t\t\r\n\t\t<div class=\"item\">\r\n\t\t\t<div class=\"figure element-top-20 element-bottom-20  \" data-os-animation=\"none\" data-os-animation-delay=\"0s\">\n            <a href=\"https:\/\/jordizaragoza.com\/wp-content\/uploads\/2022\/03\/IMG_8953.jpg\" class=\"figure-image magnific\" target=\"_self\">\n        <img loading=\"lazy\" decoding=\"async\" src=\"https:\/\/jordizaragoza.com\/wp-content\/uploads\/2022\/03\/IMG_8953-400x200.jpg\" width=\"400\" height=\"200\" alt=\"\"\/>            <\/a>\n    <\/div>\n\t\t<\/div>\r\n\r\n\t\t\t\t\t\r\n\t\t<div class=\"item\">\r\n\t\t\t<div class=\"figure element-top-20 element-bottom-20  \" data-os-animation=\"none\" data-os-animation-delay=\"0s\">\n            <a href=\"https:\/\/jordizaragoza.com\/wp-content\/uploads\/2022\/03\/joan-casa.jpg\" class=\"figure-image magnific\" target=\"_self\">\n        <img loading=\"lazy\" decoding=\"async\" src=\"https:\/\/jordizaragoza.com\/wp-content\/uploads\/2022\/03\/joan-casa-400x200.jpg\" width=\"400\" height=\"200\" alt=\"\"\/>            <\/a>\n    <\/div>\n\t\t<\/div>\r\n\r\n\t\t\t\t\t\r\n\t\t<div class=\"item\">\r\n\t\t\t<div class=\"figure element-top-20 element-bottom-20  \" data-os-animation=\"none\" data-os-animation-delay=\"0s\">\n            <a href=\"https:\/\/jordizaragoza.com\/wp-content\/uploads\/2022\/05\/2018-01-20-22.20.49-rotated.jpg\" class=\"figure-image magnific\" target=\"_self\">\n        <img loading=\"lazy\" decoding=\"async\" src=\"https:\/\/jordizaragoza.com\/wp-content\/uploads\/2022\/05\/2018-01-20-22.20.49-rotated-400x200.jpg\" width=\"400\" height=\"200\" alt=\"\"\/>            <\/a>\n    <\/div>\n\t\t<\/div>\r\n\r\n\t\t\t\t\t\r\n\t\t<div class=\"item\">\r\n\t\t\t<div class=\"figure element-top-20 element-bottom-20  \" data-os-animation=\"none\" data-os-animation-delay=\"0s\">\n            <a href=\"https:\/\/jordizaragoza.com\/wp-content\/uploads\/2022\/03\/IMG_8200-e1648151101863.jpg\" class=\"figure-image magnific\" target=\"_self\">\n        <img loading=\"lazy\" decoding=\"async\" src=\"https:\/\/jordizaragoza.com\/wp-content\/uploads\/2022\/03\/IMG_8200-e1648151101863-400x200.jpg\" width=\"400\" height=\"200\" alt=\"\"\/>            <\/a>\n    <\/div>\n\t\t<\/div>\r\n\r\n\t\t\t\t\t\r\n\t\t<div class=\"item\">\r\n\t\t\t<div class=\"figure element-top-20 element-bottom-20  \" data-os-animation=\"none\" data-os-animation-delay=\"0s\">\n            <a href=\"https:\/\/jordizaragoza.com\/wp-content\/uploads\/2022\/05\/2016-05-30-14.26.54-scaled-e1651770917559.jpg\" class=\"figure-image magnific\" target=\"_self\">\n        <img loading=\"lazy\" decoding=\"async\" src=\"https:\/\/jordizaragoza.com\/wp-content\/uploads\/2022\/05\/2016-05-30-14.26.54-scaled-e1651770917559-400x200.jpg\" width=\"400\" height=\"200\" alt=\"\"\/>            <\/a>\n    <\/div>\n\t\t<\/div>\r\n\r\n\t\t\t\t\t\r\n\t\t<div class=\"item\">\r\n\t\t\t<div class=\"figure element-top-20 element-bottom-20  \" data-os-animation=\"none\" data-os-animation-delay=\"0s\">\n            <a href=\"https:\/\/jordizaragoza.com\/wp-content\/uploads\/2022\/05\/DC_12012022_DC15789-scaled.jpg\" class=\"figure-image magnific\" target=\"_self\">\n        <img loading=\"lazy\" decoding=\"async\" src=\"https:\/\/jordizaragoza.com\/wp-content\/uploads\/2022\/05\/DC_12012022_DC15789-scaled-400x200.jpg\" width=\"400\" height=\"200\" alt=\"\"\/>            <\/a>\n    <\/div>\n\t\t<\/div>\r\n\r\n\t\t\t\t\t\r\n\t\t<div class=\"item\">\r\n\t\t\t<div class=\"figure element-top-20 element-bottom-20  \" data-os-animation=\"none\" data-os-animation-delay=\"0s\">\n            <a href=\"https:\/\/jordizaragoza.com\/wp-content\/uploads\/2022\/05\/IMG_8483.jpg\" class=\"figure-image magnific\" target=\"_self\">\n        <img loading=\"lazy\" decoding=\"async\" src=\"https:\/\/jordizaragoza.com\/wp-content\/uploads\/2022\/05\/IMG_8483-400x200.jpg\" width=\"400\" height=\"200\" alt=\"\"\/>            <\/a>\n    <\/div>\n\t\t<\/div>\r\n\r\n\t\t\t\t\t\r\n\t\t<div class=\"item\">\r\n\t\t\t<div class=\"figure element-top-20 element-bottom-20  \" data-os-animation=\"none\" data-os-animation-delay=\"0s\">\n            <a href=\"https:\/\/jordizaragoza.com\/wp-content\/uploads\/2022\/05\/lo.jpg\" class=\"figure-image magnific\" target=\"_self\">\n        <img loading=\"lazy\" decoding=\"async\" src=\"https:\/\/jordizaragoza.com\/wp-content\/uploads\/2022\/05\/lo-400x200.jpg\" width=\"400\" height=\"200\" alt=\"\"\/>            <\/a>\n    <\/div>\n\t\t<\/div>\r\n\r\n\t\t        <\/div>\r\n        <script type=\"text\/javascript\">\r\n        \tjQuery(document).ready(function ($) {\r\n        \t\t$('.unique-carousel-359').owlCarousel({\r\n        \t\t    margin:10,\r\n        \t\t    touchDrag:true,\r\n        \t\t    mouseDrag:true,\r\n        \t\t    animateIn: \"no-animation\",\r\n        \t\t    animateOut: \"no-animation\",\r\n        \t\t    video:true,\r\n        \t\t    videoWidth:true,\r\n        \t\t    videoHeight:300,\r\n        \t\t    loop:true,\r\n        \t\t    slideBy:1,\r\n        \t\t    autoplay:true, \r\n        \t\t    nav:true,\r\n        \t\t    dots:true,\r\n        \t\t    navText:[\"<div class='nav-btn prev-slide'><\/div>\",\"<div class='nav-btn next-slide'><\/div>\"],\r\n        \t\t    responsive:{\r\n        \t\t        0:{\r\n        \t\t            items:2        \t\t        },\r\n        \t\t        600:{\r\n        \t\t            items:3        \t\t        },\r\n        \t\t        1000:{\r\n        \t\t            items:3        \t\t        }\r\n        \t\t    }\r\n        \t\t});\r\n        \t});\r\n        <\/script>\r\n\r\n        <\/div>        <\/div>\n    <\/div>\n<\/section>\n<section class=\"section  text-normal section-text-no-shadow section-inner-no-shadow section-normal section-opaque\"  >\n    \n    <div class=\"background-overlay grid-overlay-0 \" style=\"background-color: rgba(0,0,0,0);\"><\/div>\n\n    <div class=\"container container-vertical-default\">\n        <div class=\"row vertical-default\">\n            <div class=\"col-md-12     text-default small-screen-default\"  ><div class=\"divider-wrapper \" style=\"visibility:hidden;background-color:#FFFFFF\">\n    <div class=\"visible-xs\" style=\"height:30px;\"><\/div>\n    <div class=\"visible-sm\" style=\"height:60px;\"><\/div>\n    <div class=\"visible-md\" style=\"height:60px;\"><\/div>\n    <div class=\"visible-lg\" style=\"height:60px;\"><\/div>\n<\/div><\/div>        <\/div>\n    <\/div>\n<\/section>\n","protected":false},"excerpt":{"rendered":"Alto rendimiento Asistencia a deportistas Pasi\u00f3n por el deporte. El motor de mi trabajo ha sido el alto rendimiento deportivo, la asistencia como oste\u00f3pata en competici\u00f3n y el trabajo diario en consulta con deportistas. Adem\u00e1s, la intenci\u00f3n en mis trabajos de investigaci\u00f3n siempre ha girado alrededor de la competici\u00f3n. A d\u00eda de hoy, el nivel","protected":false},"author":1,"featured_media":0,"parent":0,"menu_order":0,"comment_status":"closed","ping_status":"closed","template":"","meta":{"footnotes":""},"class_list":["post-636","page","type-page","status-publish","hentry"],"_links":{"self":[{"href":"https:\/\/jordizaragoza.com\/ca\/wp-json\/wp\/v2\/pages\/636","targetHints":{"allow":["GET"]}}],"collection":[{"href":"https:\/\/jordizaragoza.com\/ca\/wp-json\/wp\/v2\/pages"}],"about":[{"href":"https:\/\/jordizaragoza.com\/ca\/wp-json\/wp\/v2\/types\/page"}],"author":[{"embeddable":true,"href":"https:\/\/jordizaragoza.com\/ca\/wp-json\/wp\/v2\/users\/1"}],"replies":[{"embeddable":true,"href":"https:\/\/jordizaragoza.com\/ca\/wp-json\/wp\/v2\/comments?post=636"}],"version-history":[{"count":18,"href":"https:\/\/jordizaragoza.com\/ca\/wp-json\/wp\/v2\/pages\/636\/revisions"}],"predecessor-version":[{"id":888,"href":"https:\/\/jordizaragoza.com\/ca\/wp-json\/wp\/v2\/pages\/636\/revisions\/888"}],"wp:attachment":[{"href":"https:\/\/jordizaragoza.com\/ca\/wp-json\/wp\/v2\/media?parent=636"}],"curies":[{"name":"wp","href":"https:\/\/api.w.org\/{rel}","templated":true}]}}